{"id":9551,"date":"2023-11-30T11:35:44","date_gmt":"2023-11-30T17:35:44","guid":{"rendered":"http:\/\/teatrodelarendija.com\/?page_id=9551"},"modified":"2023-11-30T12:47:46","modified_gmt":"2023-11-30T18:47:46","slug":"egle-mendiburu-carrillo","status":"publish","type":"page","link":"https:\/\/teatrodelarendija.com\/es\/nosotrxs\/equipo\/egle-mendiburu-carrillo\/","title":{"rendered":"Egl\u00e9 Mendibur\u00fa Carrillo"},"content":{"rendered":"\t\t<div data-elementor-type=\"wp-page\" data-elementor-id=\"9551\" class=\"elementor elementor-9551\" data-elementor-settings=\"{&quot;ha_cmc_init_switcher&quot;:&quot;no&quot;}\">\n\t\t\t\t\t\t<section class=\"elementor-section elementor-top-section elementor-element elementor-element-764156c elementor-section-full_width elementor-section-height-default elementor-section-height-default wpr-particle-no wpr-jarallax-no wpr-parallax-no wpr-sticky-section-no wpr-column-slider-no wpr-equal-height-no elementor-invisible\" data-id=\"764156c\" data-element_type=\"section\" data-e-type=\"section\" data-settings=\"{&quot;background_background&quot;:&quot;classic&quot;,&quot;animation&quot;:&quot;fadeInLeft&quot;,&quot;_ha_eqh_enable&quot;:false}\">\n\t\t\t\t\t\t<div class=\"elementor-container elementor-column-gap-default\">\n\t\t\t\t\t<div class=\"elementor-column elementor-col-100 elementor-top-column elementor-element elementor-element-de1228b\" data-id=\"de1228b\" data-element_type=\"column\" data-e-type=\"column\">\n\t\t\t<div class=\"elementor-widget-wrap elementor-element-populated\">\n\t\t\t\t\t\t<div class=\"elementor-element elementor-element-8432ed2 elementor-widget elementor-widget-text-editor\" data-id=\"8432ed2\" data-element_type=\"widget\" data-e-type=\"widget\" data-widget_type=\"text-editor.default\">\n\t\t\t\t<div class=\"elementor-widget-container\">\n\t\t\t\t\t\t\t\t\t<p><a href=\"https:\/\/teatrodelarendija.com\/es\/nosotrxs\/equipo\/\">EQUIPO\u00a0<\/a>&gt; SEMBLANZA<\/p>\t\t\t\t\t\t\t\t<\/div>\n\t\t\t\t<\/div>\n\t\t\t\t\t<\/div>\n\t\t<\/div>\n\t\t\t\t\t<\/div>\n\t\t<\/section>\n\t\t\t\t<section class=\"elementor-section elementor-top-section elementor-element elementor-element-1a4ff3d elementor-section-boxed elementor-section-height-default elementor-section-height-default wpr-particle-no wpr-jarallax-no wpr-parallax-no wpr-sticky-section-no wpr-column-slider-no wpr-equal-height-no elementor-invisible\" data-id=\"1a4ff3d\" data-element_type=\"section\" data-e-type=\"section\" data-settings=\"{&quot;background_background&quot;:&quot;classic&quot;,&quot;animation&quot;:&quot;fadeIn&quot;,&quot;_ha_eqh_enable&quot;:false}\">\n\t\t\t\t\t\t<div class=\"elementor-container elementor-column-gap-default\">\n\t\t\t\t\t<div class=\"elementor-column elementor-col-50 elementor-top-column elementor-element elementor-element-29f839b\" data-id=\"29f839b\" data-element_type=\"column\" data-e-type=\"column\">\n\t\t\t<div class=\"elementor-widget-wrap elementor-element-populated\">\n\t\t\t\t\t\t<div class=\"elementor-element elementor-element-c470681 elementor-widget__width-initial elementor-widget elementor-widget-image\" data-id=\"c470681\" data-element_type=\"widget\" data-e-type=\"widget\" data-widget_type=\"image.default\">\n\t\t\t\t<div class=\"elementor-widget-container\">\n\t\t\t\t\t\t\t\t\t\t\t\t\t\t\t<img fetchpriority=\"high\" decoding=\"async\" width=\"640\" height=\"424\" src=\"https:\/\/teatrodelarendija.com\/wp-content\/uploads\/2023\/11\/egle-foto.webp\" class=\"attachment-large size-large wp-image-9606\" alt=\"\" srcset=\"https:\/\/teatrodelarendija.com\/wp-content\/uploads\/2023\/11\/egle-foto.webp 640w, https:\/\/teatrodelarendija.com\/wp-content\/uploads\/2023\/11\/egle-foto-300x199.webp 300w, https:\/\/teatrodelarendija.com\/wp-content\/uploads\/2023\/11\/egle-foto-18x12.webp 18w\" sizes=\"(max-width: 640px) 100vw, 640px\" \/>\t\t\t\t\t\t\t\t\t\t\t\t\t\t\t<\/div>\n\t\t\t\t<\/div>\n\t\t\t\t\t<\/div>\n\t\t<\/div>\n\t\t\t\t<div class=\"elementor-column elementor-col-50 elementor-top-column elementor-element elementor-element-8eaed49\" data-id=\"8eaed49\" data-element_type=\"column\" data-e-type=\"column\">\n\t\t\t<div class=\"elementor-widget-wrap elementor-element-populated\">\n\t\t\t\t\t\t<div class=\"elementor-element elementor-element-817e6ae elementor-widget elementor-widget-text-editor\" data-id=\"817e6ae\" data-element_type=\"widget\" data-e-type=\"widget\" data-widget_type=\"text-editor.default\">\n\t\t\t\t<div class=\"elementor-widget-container\">\n\t\t\t\t\t\t\t\t\t<p>Egl\u00e9 Mendibur\u00fa<\/p>\t\t\t\t\t\t\t\t<\/div>\n\t\t\t\t<\/div>\n\t\t\t\t<div class=\"elementor-element elementor-element-fd34509 elementor-widget elementor-widget-text-editor\" data-id=\"fd34509\" data-element_type=\"widget\" data-e-type=\"widget\" data-widget_type=\"text-editor.default\">\n\t\t\t\t<div class=\"elementor-widget-container\">\n\t\t\t\t\t\t\t\t\t<p><strong>CONSEJO ASESOR\u00a0<\/strong><\/p>\t\t\t\t\t\t\t\t<\/div>\n\t\t\t\t<\/div>\n\t\t\t\t<div class=\"elementor-element elementor-element-015c26d elementor-widget elementor-widget-text-editor\" data-id=\"015c26d\" data-element_type=\"widget\" data-e-type=\"widget\" data-widget_type=\"text-editor.default\">\n\t\t\t\t<div class=\"elementor-widget-container\">\n\t\t\t\t\t\t\t\t\t<p><span style=\"background-color: var( --e-global-color-d516ec6 );\">La carrera de Acacia Egl\u00e9 Mendiburu Carrillo se inici\u00f3 en 1959 cuando se integr\u00f3 al taller de teatro de la escuela de Bellas Artes de Yucat\u00e1n para participar en la obra \u2018La culta dama\u2019 de Salvador Novo<\/span><span style=\"color: var( --e-global-color-e9a0398 ); background-color: var( --e-global-color-d516ec6 );\">Fund\u00f3 el Teatro de La Rendija en 1988 en d\u00f3nde ha sido directora art\u00edstica desde entonces. En 1998 presenta su obra <\/span><i style=\"color: var( --e-global-color-e9a0398 ); background-color: var( --e-global-color-d516ec6 );\">Horizonte de Sucesos <\/i><span style=\"color: var( --e-global-color-e9a0398 ); background-color: var( --e-global-color-d516ec6 );\">y en 2001, <\/span><i style=\"color: var( --e-global-color-e9a0398 ); background-color: var( --e-global-color-d516ec6 );\">\u00d3valo<\/i><span style=\"color: var( --e-global-color-e9a0398 ); background-color: var( --e-global-color-d516ec6 );\">.1 Entre 1997 y 2001 fue Coordinadora de Informaci\u00f3n y Difusi\u00f3n para el Centro Nacional de Investigaci\u00f3n Teatral Rodolfo Usigli&nbsp; (CITRU). En 2002 funda el Departamento de Artes Esc\u00e9nicas del Instituto de Cultura de Yucat\u00e1n y del Centro de Investigaciones Esc\u00e9nicas de Yucat\u00e1n, igualmente fund\u00f3 el departamento de Artes Esc\u00e9nicas de la Escuela Superior de Artes de Yucat\u00e1n (hoy UNAY), donde tambi\u00e9n es catedr\u00e1tica tanto a nivel licenciatura y como en el posgrado de Direcci\u00f3n Esc\u00e9nica.<\/span><\/p>\t\t\t\t\t\t\t\t<\/div>\n\t\t\t\t<\/div>\n\t\t\t\t\t<\/div>\n\t\t<\/div>\n\t\t\t\t\t<\/div>\n\t\t<\/section>\n\t\t\t\t<\/div>\n\t\t","protected":false},"excerpt":{"rendered":"<p>EQUIPO\u00a0&gt; SEMBLANZA Egl\u00e9 Mendibur\u00fa CONSEJO ASESOR\u00a0 La carrera de Acacia Egl\u00e9 Mendiburu Carrillo se inici\u00f3 en 1959 cuando se integr\u00f3 al taller de teatro de la escuela de Bellas Artes de Yucat\u00e1n para participar en la obra \u2018La culta dama\u2019 de Salvador NovoFund\u00f3 el Teatro de La Rendija en 1988 en d\u00f3nde ha sido directora art\u00edstica desde entonces. En 1998 presenta su obra Horizonte de Sucesos y en 2001, \u00d3valo.1 Entre 1997 y 2001 fue Coordinadora de Informaci\u00f3n y Difusi\u00f3n para el Centro Nacional de Investigaci\u00f3n Teatral Rodolfo Usigli&nbsp; (CITRU). En 2002 funda el Departamento de Artes Esc\u00e9nicas del Instituto de Cultura de Yucat\u00e1n y del Centro de Investigaciones Esc\u00e9nicas de Yucat\u00e1n, igualmente fund\u00f3 el departamento de Artes Esc\u00e9nicas de la Escuela Superior de Artes de Yucat\u00e1n (hoy UNAY), donde tambi\u00e9n es catedr\u00e1tica tanto a nivel licenciatura y como en el posgrado de Direcci\u00f3n Esc\u00e9nica.<\/p>\n","protected":false},"author":1,"featured_media":0,"parent":7502,"menu_order":1,"comment_status":"closed","ping_status":"closed","template":"elementor_header_footer","meta":{"ngg_post_thumbnail":0,"_EventAllDay":false,"_EventTimezone":"","_EventStartDate":"","_EventEndDate":"","_EventStartDateUTC":"","_EventEndDateUTC":"","_EventShowMap":false,"_EventShowMapLink":false,"_EventURL":"","_EventCost":"","_EventCostDescription":"","_EventCurrencySymbol":"","_EventCurrencyCode":"","_EventCurrencyPosition":"","_EventDateTimeSeparator":"","_EventTimeRangeSeparator":"","_EventOrganizerID":[],"_EventVenueID":[],"_OrganizerEmail":"","_OrganizerPhone":"","_OrganizerWebsite":"","_VenueAddress":"","_VenueCity":"","_VenueCountry":"","_VenueProvince":"","_VenueState":"","_VenueZip":"","_VenuePhone":"","_VenueURL":"","_VenueStateProvince":"","_VenueLat":"","_VenueLng":"","_VenueShowMap":false,"_VenueShowMapLink":false,"footnotes":""},"class_list":["post-9551","page","type-page","status-publish","hentry"],"_links":{"self":[{"href":"https:\/\/teatrodelarendija.com\/es\/wp-json\/wp\/v2\/pages\/9551","targetHints":{"allow":["GET"]}}],"collection":[{"href":"https:\/\/teatrodelarendija.com\/es\/wp-json\/wp\/v2\/pages"}],"about":[{"href":"https:\/\/teatrodelarendija.com\/es\/wp-json\/wp\/v2\/types\/page"}],"author":[{"embeddable":true,"href":"https:\/\/teatrodelarendija.com\/es\/wp-json\/wp\/v2\/users\/1"}],"replies":[{"embeddable":true,"href":"https:\/\/teatrodelarendija.com\/es\/wp-json\/wp\/v2\/comments?post=9551"}],"version-history":[{"count":4,"href":"https:\/\/teatrodelarendija.com\/es\/wp-json\/wp\/v2\/pages\/9551\/revisions"}],"predecessor-version":[{"id":9610,"href":"https:\/\/teatrodelarendija.com\/es\/wp-json\/wp\/v2\/pages\/9551\/revisions\/9610"}],"up":[{"embeddable":true,"href":"https:\/\/teatrodelarendija.com\/es\/wp-json\/wp\/v2\/pages\/7502"}],"wp:attachment":[{"href":"https:\/\/teatrodelarendija.com\/es\/wp-json\/wp\/v2\/media?parent=9551"}],"curies":[{"name":"wp","href":"https:\/\/api.w.org\/{rel}","templated":true}]}}