{"id":9550,"date":"2023-11-30T11:33:13","date_gmt":"2023-11-30T17:33:13","guid":{"rendered":"http:\/\/teatrodelarendija.com\/?page_id=9550"},"modified":"2023-11-30T12:23:04","modified_gmt":"2023-11-30T18:23:04","slug":"oscar-urrutia-lazo","status":"publish","type":"page","link":"https:\/\/teatrodelarendija.com\/es\/nosotrxs\/equipo\/oscar-urrutia-lazo\/","title":{"rendered":"David Hurtado Zavala"},"content":{"rendered":"\t\t<div data-elementor-type=\"wp-page\" data-elementor-id=\"9550\" class=\"elementor elementor-9550\" data-elementor-settings=\"{&quot;ha_cmc_init_switcher&quot;:&quot;no&quot;}\">\n\t\t\t\t\t\t<section class=\"elementor-section elementor-top-section elementor-element elementor-element-764156c elementor-section-full_width elementor-section-height-default elementor-section-height-default wpr-particle-no wpr-jarallax-no wpr-parallax-no wpr-sticky-section-no wpr-column-slider-no wpr-equal-height-no elementor-invisible\" data-id=\"764156c\" data-element_type=\"section\" data-e-type=\"section\" data-settings=\"{&quot;background_background&quot;:&quot;classic&quot;,&quot;animation&quot;:&quot;fadeInLeft&quot;,&quot;_ha_eqh_enable&quot;:false}\">\n\t\t\t\t\t\t<div class=\"elementor-container elementor-column-gap-default\">\n\t\t\t\t\t<div class=\"elementor-column elementor-col-100 elementor-top-column elementor-element elementor-element-de1228b\" data-id=\"de1228b\" data-element_type=\"column\" data-e-type=\"column\">\n\t\t\t<div class=\"elementor-widget-wrap elementor-element-populated\">\n\t\t\t\t\t\t<div class=\"elementor-element elementor-element-8432ed2 elementor-widget elementor-widget-text-editor\" data-id=\"8432ed2\" data-element_type=\"widget\" data-e-type=\"widget\" data-widget_type=\"text-editor.default\">\n\t\t\t\t<div class=\"elementor-widget-container\">\n\t\t\t\t\t\t\t\t\t<p><a href=\"https:\/\/teatrodelarendija.com\/es\/nosotrxs\/equipo\/\">EQUIPO\u00a0<\/a>&gt; SEMBLANZA<\/p>\t\t\t\t\t\t\t\t<\/div>\n\t\t\t\t<\/div>\n\t\t\t\t\t<\/div>\n\t\t<\/div>\n\t\t\t\t\t<\/div>\n\t\t<\/section>\n\t\t\t\t<section class=\"elementor-section elementor-top-section elementor-element elementor-element-1a4ff3d elementor-section-boxed elementor-section-height-default elementor-section-height-default wpr-particle-no wpr-jarallax-no wpr-parallax-no wpr-sticky-section-no wpr-column-slider-no wpr-equal-height-no elementor-invisible\" data-id=\"1a4ff3d\" data-element_type=\"section\" data-e-type=\"section\" data-settings=\"{&quot;background_background&quot;:&quot;classic&quot;,&quot;animation&quot;:&quot;fadeIn&quot;,&quot;_ha_eqh_enable&quot;:false}\">\n\t\t\t\t\t\t<div class=\"elementor-container elementor-column-gap-default\">\n\t\t\t\t\t<div class=\"elementor-column elementor-col-50 elementor-top-column elementor-element elementor-element-29f839b\" data-id=\"29f839b\" data-element_type=\"column\" data-e-type=\"column\">\n\t\t\t<div class=\"elementor-widget-wrap elementor-element-populated\">\n\t\t\t\t\t\t<div class=\"elementor-element elementor-element-c470681 elementor-widget__width-initial elementor-widget elementor-widget-image\" data-id=\"c470681\" data-element_type=\"widget\" data-e-type=\"widget\" data-widget_type=\"image.default\">\n\t\t\t\t<div class=\"elementor-widget-container\">\n\t\t\t\t\t\t\t\t\t\t\t\t\t\t\t<img fetchpriority=\"high\" decoding=\"async\" width=\"1024\" height=\"1024\" src=\"https:\/\/teatrodelarendija.com\/wp-content\/uploads\/2023\/11\/Foto-David-2-1024x1024.jpg\" class=\"attachment-large size-large wp-image-9573\" alt=\"\" srcset=\"https:\/\/teatrodelarendija.com\/wp-content\/uploads\/2023\/11\/Foto-David-2-1024x1024.jpg 1024w, https:\/\/teatrodelarendija.com\/wp-content\/uploads\/2023\/11\/Foto-David-2-300x300.jpg 300w, https:\/\/teatrodelarendija.com\/wp-content\/uploads\/2023\/11\/Foto-David-2-150x150.jpg 150w, https:\/\/teatrodelarendija.com\/wp-content\/uploads\/2023\/11\/Foto-David-2-768x768.jpg 768w, https:\/\/teatrodelarendija.com\/wp-content\/uploads\/2023\/11\/Foto-David-2-12x12.jpg 12w, https:\/\/teatrodelarendija.com\/wp-content\/uploads\/2023\/11\/Foto-David-2.jpg 1200w\" sizes=\"(max-width: 1024px) 100vw, 1024px\" \/>\t\t\t\t\t\t\t\t\t\t\t\t\t\t\t<\/div>\n\t\t\t\t<\/div>\n\t\t\t\t\t<\/div>\n\t\t<\/div>\n\t\t\t\t<div class=\"elementor-column elementor-col-50 elementor-top-column elementor-element elementor-element-8eaed49\" data-id=\"8eaed49\" data-element_type=\"column\" data-e-type=\"column\">\n\t\t\t<div class=\"elementor-widget-wrap elementor-element-populated\">\n\t\t\t\t\t\t<div class=\"elementor-element elementor-element-817e6ae elementor-widget elementor-widget-text-editor\" data-id=\"817e6ae\" data-element_type=\"widget\" data-e-type=\"widget\" data-widget_type=\"text-editor.default\">\n\t\t\t\t<div class=\"elementor-widget-container\">\n\t\t\t\t\t\t\t\t\t<p>David Hurtado Zavala<\/p>\t\t\t\t\t\t\t\t<\/div>\n\t\t\t\t<\/div>\n\t\t\t\t<div class=\"elementor-element elementor-element-fd34509 elementor-widget elementor-widget-text-editor\" data-id=\"fd34509\" data-element_type=\"widget\" data-e-type=\"widget\" data-widget_type=\"text-editor.default\">\n\t\t\t\t<div class=\"elementor-widget-container\">\n\t\t\t\t\t\t\t\t\t<p><b>Director Residente \/ Coordinador de Producci\u00f3n \/ Director Adjunto\u00a0<\/b><\/p>\t\t\t\t\t\t\t\t<\/div>\n\t\t\t\t<\/div>\n\t\t\t\t<div class=\"elementor-element elementor-element-015c26d elementor-widget__width-initial elementor-widget elementor-widget-text-editor\" data-id=\"015c26d\" data-element_type=\"widget\" data-e-type=\"widget\" data-widget_type=\"text-editor.default\">\n\t\t\t\t<div class=\"elementor-widget-container\">\n\t\t\t\t\t\t\t\t\t<p>Candidato a maestro en Direcci\u00f3n de Escena por la Escuela Superior de Artes de\u00a0<span style=\"color: var( --e-global-color-e9a0398 ); background-color: var( --e-global-color-d516ec6 );\">Yucat\u00e1n. Coordinador de producci\u00f3n en Teatro de La Rendija. Fundador y director art\u00edstico\u00a0<\/span><span style=\"color: var( --e-global-color-e9a0398 ); background-color: var( --e-global-color-d516ec6 );\">de la compa\u00f1\u00eda Marfil Teatro. Beneficiario del PADID (Programa de apoyo a la Docencia,\u00a0<\/span><span style=\"color: var( --e-global-color-e9a0398 ); background-color: var( --e-global-color-d516ec6 );\">Investigaci\u00f3n y Difusi\u00f3n de las Artes) en la emisi\u00f3n 2016, 2017 y 2018 con el proyecto \u201cUn\u00a0<\/span><span style=\"color: var( --e-global-color-e9a0398 ); background-color: var( --e-global-color-d516ec6 );\">nuevo truco: la danza\u201d. Apoyo otorgado por el CENART.<\/span><\/p><p>Form\u00f3 parte de la compa\u00f1\u00eda estable del Centro Dram\u00e1tico de Michoac\u00e1n de 2010 a\u00a0<span style=\"color: var( --e-global-color-e9a0398 ); background-color: var( --e-global-color-d516ec6 );\">2016 participando en diversos proyectos como actor, director de escena y coordinador\u00a0<\/span><span style=\"color: var( --e-global-color-e9a0398 ); background-color: var( --e-global-color-d516ec6 );\">de gira.<\/span><\/p><p>Fundador del grupo MARFIL TEATRO, donde se desempe\u00f1a como director de escena y\u00a0<span style=\"color: var( --e-global-color-e9a0398 ); background-color: var( --e-global-color-d516ec6 );\">productor. Obtuvo la beca del Programa Coinversiones para la Producci\u00f3n Art\u00edstica de\u00a0<\/span><span style=\"color: var( --e-global-color-e9a0398 ); background-color: var( --e-global-color-d516ec6 );\">Michoac\u00e1n 2016 (SECREA) Con el proyecto: Checkpoint, obra escrita por Ver\u00f3nica M<\/span><span style=\"color: var( --e-global-color-e9a0398 ); background-color: var( --e-global-color-d516ec6 );\">aldonado.<\/span><\/p><p>Beneficiario del PADID (Programa de apoyo a la Docencia, Investigaci\u00f3n y Difusi\u00f3n de\u00a0<span style=\"color: var( --e-global-color-e9a0398 ); background-color: var( --e-global-color-d516ec6 );\">las Artes) en la emisi\u00f3n 2016, 2017 y 2018 con el proyecto \u201cUn nuevo truco: la danza.\u00a0<\/span><span style=\"color: var( --e-global-color-e9a0398 ); background-color: var( --e-global-color-d516ec6 );\">Apoyo otorgado por el CENART.<\/span><\/p><p>Productor del Programa Nacional de Teatro Escolar 2020\u20132021 en la emisi\u00f3n de\u00a0<span style=\"color: var( --e-global-color-e9a0398 ); background-color: var( --e-global-color-d516ec6 );\">Yucat\u00e1n con la obra Los Cuervos no se peinan de Maribel Carrasco, direcci\u00f3n de\u00a0<\/span><span style=\"color: var( --e-global-color-e9a0398 ); background-color: var( --e-global-color-d516ec6 );\">Cinthia Arrebola.<\/span><\/p><p>Particip\u00f3 en el seminario Producci\u00f3n de conocimiento desde el teatro: teor\u00eda y praxis del\u00a0<span style=\"color: var( --e-global-color-e9a0398 ); background-color: var( --e-global-color-d516ec6 );\">artista investigador impartido por Jorge Dubatti y Didanwy Kent.<\/span><\/p><p>Imparti\u00f3 el taller de Producci\u00f3n Esc\u00e9nica como parte del programa Acciorama\u00a0<span style=\"color: var( --e-global-color-e9a0398 ); background-color: var( --e-global-color-d516ec6 );\">organizado por la SEDECULTA de Yucat\u00e1n.<\/span><\/p><p>Desde 2020 colabora con Teatro de La Rendija como Coordinador de Producci\u00f3n.<\/p>\t\t\t\t\t\t\t\t<\/div>\n\t\t\t\t<\/div>\n\t\t\t\t\t<\/div>\n\t\t<\/div>\n\t\t\t\t\t<\/div>\n\t\t<\/section>\n\t\t\t\t<\/div>\n\t\t","protected":false},"excerpt":{"rendered":"<p>EQUIPO\u00a0&gt; SEMBLANZA David Hurtado Zavala Director Residente \/ Coordinador de Producci\u00f3n \/ Director Adjunto\u00a0 Candidato a maestro en Direcci\u00f3n de Escena por la Escuela Superior de Artes de\u00a0Yucat\u00e1n. Coordinador de producci\u00f3n en Teatro de La Rendija. Fundador y director art\u00edstico\u00a0de la compa\u00f1\u00eda Marfil Teatro. Beneficiario del PADID (Programa de apoyo a la Docencia,\u00a0Investigaci\u00f3n y Difusi\u00f3n de las Artes) en la emisi\u00f3n 2016, 2017 y 2018 con el proyecto \u201cUn\u00a0nuevo truco: la danza\u201d. Apoyo otorgado por el CENART. Form\u00f3 parte de la compa\u00f1\u00eda estable del Centro Dram\u00e1tico de Michoac\u00e1n de 2010 a\u00a02016 participando en diversos proyectos como actor, director de escena y coordinador\u00a0de gira. Fundador del grupo MARFIL TEATRO, donde se desempe\u00f1a como director de escena y\u00a0productor. Obtuvo la beca del Programa Coinversiones para la Producci\u00f3n Art\u00edstica de\u00a0Michoac\u00e1n 2016 (SECREA) Con el proyecto: Checkpoint, obra escrita por Ver\u00f3nica Maldonado. Beneficiario del PADID (Programa de apoyo a la Docencia, Investigaci\u00f3n y Difusi\u00f3n de\u00a0las Artes) en la emisi\u00f3n 2016, 2017 y 2018 con el proyecto \u201cUn nuevo truco: la danza.\u00a0Apoyo otorgado por el CENART. Productor del Programa Nacional de Teatro Escolar 2020\u20132021 en la emisi\u00f3n de\u00a0Yucat\u00e1n con la obra Los Cuervos no se peinan de Maribel Carrasco, direcci\u00f3n de\u00a0Cinthia Arrebola. Particip\u00f3 en el seminario Producci\u00f3n de conocimiento desde el teatro: teor\u00eda y praxis del\u00a0artista investigador impartido por Jorge Dubatti y Didanwy Kent. Imparti\u00f3 el taller de Producci\u00f3n Esc\u00e9nica como parte del programa Acciorama\u00a0organizado por la SEDECULTA de Yucat\u00e1n. Desde 2020 colabora con Teatro de La Rendija como Coordinador de Producci\u00f3n.<\/p>\n","protected":false},"author":1,"featured_media":0,"parent":7502,"menu_order":1,"comment_status":"closed","ping_status":"closed","template":"elementor_header_footer","meta":{"ngg_post_thumbnail":0,"_EventAllDay":false,"_EventTimezone":"","_EventStartDate":"","_EventEndDate":"","_EventStartDateUTC":"","_EventEndDateUTC":"","_EventShowMap":false,"_EventShowMapLink":false,"_EventURL":"","_EventCost":"","_EventCostDescription":"","_EventCurrencySymbol":"","_EventCurrencyCode":"","_EventCurrencyPosition":"","_EventDateTimeSeparator":"","_EventTimeRangeSeparator":"","_EventOrganizerID":[],"_EventVenueID":[],"_OrganizerEmail":"","_OrganizerPhone":"","_OrganizerWebsite":"","_VenueAddress":"","_VenueCity":"","_VenueCountry":"","_VenueProvince":"","_VenueState":"","_VenueZip":"","_VenuePhone":"","_VenueURL":"","_VenueStateProvince":"","_VenueLat":"","_VenueLng":"","_VenueShowMap":false,"_VenueShowMapLink":false,"footnotes":""},"class_list":["post-9550","page","type-page","status-publish","hentry"],"_links":{"self":[{"href":"https:\/\/teatrodelarendija.com\/es\/wp-json\/wp\/v2\/pages\/9550","targetHints":{"allow":["GET"]}}],"collection":[{"href":"https:\/\/teatrodelarendija.com\/es\/wp-json\/wp\/v2\/pages"}],"about":[{"href":"https:\/\/teatrodelarendija.com\/es\/wp-json\/wp\/v2\/types\/page"}],"author":[{"embeddable":true,"href":"https:\/\/teatrodelarendija.com\/es\/wp-json\/wp\/v2\/users\/1"}],"replies":[{"embeddable":true,"href":"https:\/\/teatrodelarendija.com\/es\/wp-json\/wp\/v2\/comments?post=9550"}],"version-history":[{"count":5,"href":"https:\/\/teatrodelarendija.com\/es\/wp-json\/wp\/v2\/pages\/9550\/revisions"}],"predecessor-version":[{"id":9576,"href":"https:\/\/teatrodelarendija.com\/es\/wp-json\/wp\/v2\/pages\/9550\/revisions\/9576"}],"up":[{"embeddable":true,"href":"https:\/\/teatrodelarendija.com\/es\/wp-json\/wp\/v2\/pages\/7502"}],"wp:attachment":[{"href":"https:\/\/teatrodelarendija.com\/es\/wp-json\/wp\/v2\/media?parent=9550"}],"curies":[{"name":"wp","href":"https:\/\/api.w.org\/{rel}","templated":true}]}}