{"id":9407,"date":"2023-09-26T14:47:15","date_gmt":"2023-09-26T19:47:15","guid":{"rendered":"http:\/\/teatrodelarendija.com\/?page_id=9407"},"modified":"2023-09-26T15:34:23","modified_gmt":"2023-09-26T20:34:23","slug":"criticas-y-articulos-academicos","status":"publish","type":"page","link":"https:\/\/teatrodelarendija.com\/es\/archivo\/criticas-y-articulos-academicos\/","title":{"rendered":"CR\u00cdTICAS Y ART\u00cdCULOS ACAD\u00c9MICOS"},"content":{"rendered":"\t\t<div data-elementor-type=\"wp-page\" data-elementor-id=\"9407\" class=\"elementor elementor-9407\" data-elementor-settings=\"{&quot;ha_cmc_init_switcher&quot;:&quot;no&quot;}\">\n\t\t\t\t\t\t<section class=\"elementor-section elementor-top-section elementor-element elementor-element-cda6041 elementor-section-full_width elementor-section-height-default elementor-section-height-default wpr-particle-no wpr-jarallax-no wpr-parallax-no wpr-sticky-section-no wpr-column-slider-no wpr-equal-height-no elementor-invisible\" data-id=\"cda6041\" data-element_type=\"section\" data-e-type=\"section\" data-settings=\"{&quot;background_background&quot;:&quot;classic&quot;,&quot;animation&quot;:&quot;fadeInDown&quot;,&quot;_ha_eqh_enable&quot;:false}\">\n\t\t\t\t\t\t<div class=\"elementor-container elementor-column-gap-default\">\n\t\t\t\t\t<div class=\"elementor-column elementor-col-100 elementor-top-column elementor-element elementor-element-c565db5\" data-id=\"c565db5\" data-element_type=\"column\" data-e-type=\"column\">\n\t\t\t<div class=\"elementor-widget-wrap elementor-element-populated\">\n\t\t\t\t\t\t<div class=\"elementor-element elementor-element-b553320 elementor-widget elementor-widget-text-editor\" data-id=\"b553320\" data-element_type=\"widget\" data-e-type=\"widget\" data-widget_type=\"text-editor.default\">\n\t\t\t\t<div class=\"elementor-widget-container\">\n\t\t\t\t\t\t\t\t\t<p>CR\u00cdTICAS Y ART\u00cdCULOS ACAD\u00c9MICOS<\/p>\t\t\t\t\t\t\t\t<\/div>\n\t\t\t\t<\/div>\n\t\t\t\t\t<\/div>\n\t\t<\/div>\n\t\t\t\t\t<\/div>\n\t\t<\/section>\n\t\t\t\t<section class=\"elementor-section elementor-top-section elementor-element elementor-element-a078c24 elementor-section-boxed elementor-section-height-default elementor-section-height-default wpr-particle-no wpr-jarallax-no wpr-parallax-no wpr-sticky-section-no wpr-column-slider-no wpr-equal-height-no elementor-invisible\" data-id=\"a078c24\" data-element_type=\"section\" data-e-type=\"section\" data-settings=\"{&quot;animation&quot;:&quot;fadeInLeft&quot;,&quot;_ha_eqh_enable&quot;:false}\">\n\t\t\t\t\t\t<div class=\"elementor-container elementor-column-gap-custom\">\n\t\t\t\t\t<div class=\"elementor-column elementor-col-33 elementor-top-column elementor-element elementor-element-e788269\" data-id=\"e788269\" data-element_type=\"column\" data-e-type=\"column\">\n\t\t\t<div class=\"elementor-widget-wrap elementor-element-populated\">\n\t\t\t\t\t\t<div class=\"elementor-element elementor-element-2cb0a6d elementor-widget elementor-widget-image\" data-id=\"2cb0a6d\" data-element_type=\"widget\" data-e-type=\"widget\" data-widget_type=\"image.default\">\n\t\t\t\t<div class=\"elementor-widget-container\">\n\t\t\t\t\t\t\t\t\t\t\t\t\t\t\t<img fetchpriority=\"high\" decoding=\"async\" width=\"725\" height=\"1024\" src=\"https:\/\/teatrodelarendija.com\/wp-content\/uploads\/2023\/09\/Del-teatro-y-sus-rendijas-725x1024.jpg\" class=\"attachment-large size-large wp-image-9419\" alt=\"\" srcset=\"https:\/\/teatrodelarendija.com\/wp-content\/uploads\/2023\/09\/Del-teatro-y-sus-rendijas-725x1024.jpg 725w, https:\/\/teatrodelarendija.com\/wp-content\/uploads\/2023\/09\/Del-teatro-y-sus-rendijas-212x300.jpg 212w, https:\/\/teatrodelarendija.com\/wp-content\/uploads\/2023\/09\/Del-teatro-y-sus-rendijas-768x1084.jpg 768w, https:\/\/teatrodelarendija.com\/wp-content\/uploads\/2023\/09\/Del-teatro-y-sus-rendijas-1088x1536.jpg 1088w, https:\/\/teatrodelarendija.com\/wp-content\/uploads\/2023\/09\/Del-teatro-y-sus-rendijas-1451x2048.jpg 1451w, https:\/\/teatrodelarendija.com\/wp-content\/uploads\/2023\/09\/Del-teatro-y-sus-rendijas-8x12.jpg 8w, https:\/\/teatrodelarendija.com\/wp-content\/uploads\/2023\/09\/Del-teatro-y-sus-rendijas-scaled.jpg 1813w\" sizes=\"(max-width: 725px) 100vw, 725px\" \/>\t\t\t\t\t\t\t\t\t\t\t\t\t\t\t<\/div>\n\t\t\t\t<\/div>\n\t\t\t\t<section class=\"elementor-section elementor-inner-section elementor-element elementor-element-f5501bf elementor-section-boxed elementor-section-height-default elementor-section-height-default wpr-particle-no wpr-jarallax-no wpr-parallax-no wpr-sticky-section-no wpr-column-slider-no wpr-equal-height-no\" data-id=\"f5501bf\" data-element_type=\"section\" data-e-type=\"section\" data-settings=\"{&quot;background_background&quot;:&quot;classic&quot;,&quot;_ha_eqh_enable&quot;:false}\">\n\t\t\t\t\t\t<div class=\"elementor-container elementor-column-gap-default\">\n\t\t\t\t\t<div class=\"elementor-column elementor-col-100 elementor-inner-column elementor-element elementor-element-0abffdd\" data-id=\"0abffdd\" data-element_type=\"column\" data-e-type=\"column\">\n\t\t\t<div class=\"elementor-widget-wrap elementor-element-populated\">\n\t\t\t\t\t\t<div class=\"elementor-element elementor-element-6360993 elementor-widget elementor-widget-text-editor\" data-id=\"6360993\" data-element_type=\"widget\" data-e-type=\"widget\" data-widget_type=\"text-editor.default\">\n\t\t\t\t<div class=\"elementor-widget-container\">\n\t\t\t\t\t\t\t\t\t<p><strong>DEL TEATRO Y SUS RENDIJAS. 20 A\u00d1OS DE TEATRO DE LA RENDIJA, G\u00c9NESIS Y CONTAMINACI\u00d3N<\/strong><\/p>\t\t\t\t\t\t\t\t<\/div>\n\t\t\t\t<\/div>\n\t\t\t\t<div class=\"elementor-element elementor-element-8c7685c elementor-widget elementor-widget-text-editor\" data-id=\"8c7685c\" data-element_type=\"widget\" data-e-type=\"widget\" data-widget_type=\"text-editor.default\">\n\t\t\t\t<div class=\"elementor-widget-container\">\n\t\t\t\t\t\t\t\t\t<p>RAQUEL ARAUJO<\/p>\t\t\t\t\t\t\t\t<\/div>\n\t\t\t\t<\/div>\n\t\t\t\t<div class=\"elementor-element elementor-element-c829784 elementor-align-right elementor-widget elementor-widget-button\" data-id=\"c829784\" data-element_type=\"widget\" data-e-type=\"widget\" data-widget_type=\"button.default\">\n\t\t\t\t<div class=\"elementor-widget-container\">\n\t\t\t\t\t\t\t\t\t<div class=\"elementor-button-wrapper\">\n\t\t\t\t\t<a class=\"elementor-button elementor-button-link elementor-size-sm\" href=\"http:\/\/teatrodelarendija.com\/wp-content\/uploads\/2023\/09\/Del-Teatro-y-Sus-Rendijas.pdf\">\n\t\t\t\t\t\t<span class=\"elementor-button-content-wrapper\">\n\t\t\t\t\t\t\t\t\t<span class=\"elementor-button-text\">LEER<\/span>\n\t\t\t\t\t<\/span>\n\t\t\t\t\t<\/a>\n\t\t\t\t<\/div>\n\t\t\t\t\t\t\t\t<\/div>\n\t\t\t\t<\/div>\n\t\t\t\t\t<\/div>\n\t\t<\/div>\n\t\t\t\t\t<\/div>\n\t\t<\/section>\n\t\t\t\t\t<\/div>\n\t\t<\/div>\n\t\t\t\t<div class=\"elementor-column elementor-col-33 elementor-top-column elementor-element elementor-element-500df50\" data-id=\"500df50\" data-element_type=\"column\" data-e-type=\"column\">\n\t\t\t<div class=\"elementor-widget-wrap elementor-element-populated\">\n\t\t\t\t\t\t<div class=\"elementor-element elementor-element-835e88a elementor-widget elementor-widget-image\" data-id=\"835e88a\" data-element_type=\"widget\" data-e-type=\"widget\" data-widget_type=\"image.default\">\n\t\t\t\t<div class=\"elementor-widget-container\">\n\t\t\t\t\t\t\t\t\t\t\t\t\t\t\t<img decoding=\"async\" width=\"725\" height=\"1024\" src=\"https:\/\/teatrodelarendija.com\/wp-content\/uploads\/2023\/09\/ArtistasInvestigadores_Web-1-725x1024.jpg\" class=\"attachment-large size-large wp-image-9420\" alt=\"\" srcset=\"https:\/\/teatrodelarendija.com\/wp-content\/uploads\/2023\/09\/ArtistasInvestigadores_Web-1-725x1024.jpg 725w, https:\/\/teatrodelarendija.com\/wp-content\/uploads\/2023\/09\/ArtistasInvestigadores_Web-1-212x300.jpg 212w, https:\/\/teatrodelarendija.com\/wp-content\/uploads\/2023\/09\/ArtistasInvestigadores_Web-1-768x1084.jpg 768w, https:\/\/teatrodelarendija.com\/wp-content\/uploads\/2023\/09\/ArtistasInvestigadores_Web-1-1088x1536.jpg 1088w, https:\/\/teatrodelarendija.com\/wp-content\/uploads\/2023\/09\/ArtistasInvestigadores_Web-1-1451x2048.jpg 1451w, https:\/\/teatrodelarendija.com\/wp-content\/uploads\/2023\/09\/ArtistasInvestigadores_Web-1-8x12.jpg 8w, https:\/\/teatrodelarendija.com\/wp-content\/uploads\/2023\/09\/ArtistasInvestigadores_Web-1-scaled.jpg 1813w\" sizes=\"(max-width: 725px) 100vw, 725px\" \/>\t\t\t\t\t\t\t\t\t\t\t\t\t\t\t<\/div>\n\t\t\t\t<\/div>\n\t\t\t\t<section class=\"elementor-section elementor-inner-section elementor-element elementor-element-69127e7 elementor-section-boxed elementor-section-height-default elementor-section-height-default wpr-particle-no wpr-jarallax-no wpr-parallax-no wpr-sticky-section-no wpr-column-slider-no wpr-equal-height-no\" data-id=\"69127e7\" data-element_type=\"section\" data-e-type=\"section\" data-settings=\"{&quot;background_background&quot;:&quot;classic&quot;,&quot;_ha_eqh_enable&quot;:false}\">\n\t\t\t\t\t\t<div class=\"elementor-container elementor-column-gap-default\">\n\t\t\t\t\t<div class=\"elementor-column elementor-col-100 elementor-inner-column elementor-element elementor-element-9e98701\" data-id=\"9e98701\" data-element_type=\"column\" data-e-type=\"column\">\n\t\t\t<div class=\"elementor-widget-wrap elementor-element-populated\">\n\t\t\t\t\t\t<div class=\"elementor-element elementor-element-f4409bd elementor-widget elementor-widget-text-editor\" data-id=\"f4409bd\" data-element_type=\"widget\" data-e-type=\"widget\" data-widget_type=\"text-editor.default\">\n\t\t\t\t<div class=\"elementor-widget-container\">\n\t\t\t\t\t\t\t\t\t<p><strong>ARTISTA INVESTIGADORAS\/ES Y PRODUCCI\u00d3N DE CONOCIMIENTO DESDE LA ESCENA<\/strong><\/p>\t\t\t\t\t\t\t\t<\/div>\n\t\t\t\t<\/div>\n\t\t\t\t<div class=\"elementor-element elementor-element-54318ee elementor-widget elementor-widget-text-editor\" data-id=\"54318ee\" data-element_type=\"widget\" data-e-type=\"widget\" data-widget_type=\"text-editor.default\">\n\t\t\t\t<div class=\"elementor-widget-container\">\n\t\t\t\t\t\t\t\t\t<p>LUCIA LARA Y JORGE DUBATTI<\/p>\t\t\t\t\t\t\t\t<\/div>\n\t\t\t\t<\/div>\n\t\t\t\t<div class=\"elementor-element elementor-element-f6ad464 elementor-align-right elementor-widget elementor-widget-button\" data-id=\"f6ad464\" data-element_type=\"widget\" data-e-type=\"widget\" data-widget_type=\"button.default\">\n\t\t\t\t<div class=\"elementor-widget-container\">\n\t\t\t\t\t\t\t\t\t<div class=\"elementor-button-wrapper\">\n\t\t\t\t\t<a class=\"elementor-button elementor-button-link elementor-size-sm\" href=\"http:\/\/teatrodelarendija.com\/wp-content\/uploads\/2023\/09\/ArtistasInvestigadores_Web.pdf\">\n\t\t\t\t\t\t<span class=\"elementor-button-content-wrapper\">\n\t\t\t\t\t\t\t\t\t<span class=\"elementor-button-text\">LEER<\/span>\n\t\t\t\t\t<\/span>\n\t\t\t\t\t<\/a>\n\t\t\t\t<\/div>\n\t\t\t\t\t\t\t\t<\/div>\n\t\t\t\t<\/div>\n\t\t\t\t\t<\/div>\n\t\t<\/div>\n\t\t\t\t\t<\/div>\n\t\t<\/section>\n\t\t\t\t\t<\/div>\n\t\t<\/div>\n\t\t\t\t<div class=\"elementor-column elementor-col-33 elementor-top-column elementor-element elementor-element-01ccb7b\" data-id=\"01ccb7b\" data-element_type=\"column\" data-e-type=\"column\">\n\t\t\t<div class=\"elementor-widget-wrap elementor-element-populated\">\n\t\t\t\t\t\t<div class=\"elementor-element elementor-element-cfde3f2 elementor-widget elementor-widget-image\" data-id=\"cfde3f2\" data-element_type=\"widget\" data-e-type=\"widget\" data-widget_type=\"image.default\">\n\t\t\t\t<div class=\"elementor-widget-container\">\n\t\t\t\t\t\t\t\t\t\t\t\t\t\t\t<img fetchpriority=\"high\" decoding=\"async\" width=\"725\" height=\"1024\" src=\"https:\/\/teatrodelarendija.com\/wp-content\/uploads\/2023\/09\/Del-teatro-y-sus-rendijas-725x1024.jpg\" class=\"attachment-large size-large wp-image-9419\" alt=\"\" srcset=\"https:\/\/teatrodelarendija.com\/wp-content\/uploads\/2023\/09\/Del-teatro-y-sus-rendijas-725x1024.jpg 725w, https:\/\/teatrodelarendija.com\/wp-content\/uploads\/2023\/09\/Del-teatro-y-sus-rendijas-212x300.jpg 212w, https:\/\/teatrodelarendija.com\/wp-content\/uploads\/2023\/09\/Del-teatro-y-sus-rendijas-768x1084.jpg 768w, https:\/\/teatrodelarendija.com\/wp-content\/uploads\/2023\/09\/Del-teatro-y-sus-rendijas-1088x1536.jpg 1088w, https:\/\/teatrodelarendija.com\/wp-content\/uploads\/2023\/09\/Del-teatro-y-sus-rendijas-1451x2048.jpg 1451w, https:\/\/teatrodelarendija.com\/wp-content\/uploads\/2023\/09\/Del-teatro-y-sus-rendijas-8x12.jpg 8w, https:\/\/teatrodelarendija.com\/wp-content\/uploads\/2023\/09\/Del-teatro-y-sus-rendijas-scaled.jpg 1813w\" sizes=\"(max-width: 725px) 100vw, 725px\" \/>\t\t\t\t\t\t\t\t\t\t\t\t\t\t\t<\/div>\n\t\t\t\t<\/div>\n\t\t\t\t<section class=\"elementor-section elementor-inner-section elementor-element elementor-element-3678994 elementor-section-boxed elementor-section-height-default elementor-section-height-default wpr-particle-no wpr-jarallax-no wpr-parallax-no wpr-sticky-section-no wpr-column-slider-no wpr-equal-height-no\" data-id=\"3678994\" data-element_type=\"section\" data-e-type=\"section\" data-settings=\"{&quot;background_background&quot;:&quot;classic&quot;,&quot;_ha_eqh_enable&quot;:false}\">\n\t\t\t\t\t\t<div class=\"elementor-container elementor-column-gap-default\">\n\t\t\t\t\t<div class=\"elementor-column elementor-col-100 elementor-inner-column elementor-element elementor-element-d821d36\" data-id=\"d821d36\" data-element_type=\"column\" data-e-type=\"column\">\n\t\t\t<div class=\"elementor-widget-wrap elementor-element-populated\">\n\t\t\t\t\t\t<div class=\"elementor-element elementor-element-acbbda8 elementor-widget elementor-widget-text-editor\" data-id=\"acbbda8\" data-element_type=\"widget\" data-e-type=\"widget\" data-widget_type=\"text-editor.default\">\n\t\t\t\t<div class=\"elementor-widget-container\">\n\t\t\t\t\t\t\t\t\t<p><strong>ARTISTA INVESTIGADORAS\/ES Y PRODUCCI\u00d3N DE CONOCIMIENTO DESDE LA ESCENA<\/strong><\/p>\t\t\t\t\t\t\t\t<\/div>\n\t\t\t\t<\/div>\n\t\t\t\t<div class=\"elementor-element elementor-element-3875de9 elementor-widget elementor-widget-text-editor\" data-id=\"3875de9\" data-element_type=\"widget\" data-e-type=\"widget\" data-widget_type=\"text-editor.default\">\n\t\t\t\t<div class=\"elementor-widget-container\">\n\t\t\t\t\t\t\t\t\t<p>LUCIA LARA Y JORGE DUBATTI<\/p>\t\t\t\t\t\t\t\t<\/div>\n\t\t\t\t<\/div>\n\t\t\t\t<div class=\"elementor-element elementor-element-3c18f96 elementor-align-right elementor-widget elementor-widget-button\" data-id=\"3c18f96\" data-element_type=\"widget\" data-e-type=\"widget\" data-widget_type=\"button.default\">\n\t\t\t\t<div class=\"elementor-widget-container\">\n\t\t\t\t\t\t\t\t\t<div class=\"elementor-button-wrapper\">\n\t\t\t\t\t<a class=\"elementor-button elementor-button-link elementor-size-sm\" href=\"http:\/\/teatrodelarendija.com\/wp-content\/uploads\/2023\/09\/ArtistasInvestigadores_Web.pdf\">\n\t\t\t\t\t\t<span class=\"elementor-button-content-wrapper\">\n\t\t\t\t\t\t\t\t\t<span class=\"elementor-button-text\">LEER<\/span>\n\t\t\t\t\t<\/span>\n\t\t\t\t\t<\/a>\n\t\t\t\t<\/div>\n\t\t\t\t\t\t\t\t<\/div>\n\t\t\t\t<\/div>\n\t\t\t\t\t<\/div>\n\t\t<\/div>\n\t\t\t\t\t<\/div>\n\t\t<\/section>\n\t\t\t\t\t<\/div>\n\t\t<\/div>\n\t\t\t\t\t<\/div>\n\t\t<\/section>\n\t\t\t\t<\/div>\n\t\t","protected":false},"excerpt":{"rendered":"<p>CR\u00cdTICAS Y ART\u00cdCULOS ACAD\u00c9MICOS DEL TEATRO Y SUS RENDIJAS. 20 A\u00d1OS DE TEATRO DE LA RENDIJA, G\u00c9NESIS Y CONTAMINACI\u00d3N RAQUEL ARAUJO LEER ARTISTA INVESTIGADORAS\/ES Y PRODUCCI\u00d3N DE CONOCIMIENTO DESDE LA ESCENA LUCIA LARA Y JORGE DUBATTI LEER ARTISTA INVESTIGADORAS\/ES Y PRODUCCI\u00d3N DE CONOCIMIENTO DESDE LA ESCENA LUCIA LARA Y JORGE DUBATTI LEER<\/p>\n","protected":false},"author":1,"featured_media":0,"parent":9354,"menu_order":2,"comment_status":"closed","ping_status":"closed","template":"elementor_header_footer","meta":{"ngg_post_thumbnail":0,"_EventAllDay":false,"_EventTimezone":"","_EventStartDate":"","_EventEndDate":"","_EventStartDateUTC":"","_EventEndDateUTC":"","_EventShowMap":false,"_EventShowMapLink":false,"_EventURL":"","_EventCost":"","_EventCostDescription":"","_EventCurrencySymbol":"","_EventCurrencyCode":"","_EventCurrencyPosition":"","_EventDateTimeSeparator":"","_EventTimeRangeSeparator":"","_EventOrganizerID":[],"_EventVenueID":[],"_OrganizerEmail":"","_OrganizerPhone":"","_OrganizerWebsite":"","_VenueAddress":"","_VenueCity":"","_VenueCountry":"","_VenueProvince":"","_VenueState":"","_VenueZip":"","_VenuePhone":"","_VenueURL":"","_VenueStateProvince":"","_VenueLat":"","_VenueLng":"","_VenueShowMap":false,"_VenueShowMapLink":false,"footnotes":""},"class_list":["post-9407","page","type-page","status-publish","hentry"],"_links":{"self":[{"href":"https:\/\/teatrodelarendija.com\/es\/wp-json\/wp\/v2\/pages\/9407","targetHints":{"allow":["GET"]}}],"collection":[{"href":"https:\/\/teatrodelarendija.com\/es\/wp-json\/wp\/v2\/pages"}],"about":[{"href":"https:\/\/teatrodelarendija.com\/es\/wp-json\/wp\/v2\/types\/page"}],"author":[{"embeddable":true,"href":"https:\/\/teatrodelarendija.com\/es\/wp-json\/wp\/v2\/users\/1"}],"replies":[{"embeddable":true,"href":"https:\/\/teatrodelarendija.com\/es\/wp-json\/wp\/v2\/comments?post=9407"}],"version-history":[{"count":25,"href":"https:\/\/teatrodelarendija.com\/es\/wp-json\/wp\/v2\/pages\/9407\/revisions"}],"predecessor-version":[{"id":9456,"href":"https:\/\/teatrodelarendija.com\/es\/wp-json\/wp\/v2\/pages\/9407\/revisions\/9456"}],"up":[{"embeddable":true,"href":"https:\/\/teatrodelarendija.com\/es\/wp-json\/wp\/v2\/pages\/9354"}],"wp:attachment":[{"href":"https:\/\/teatrodelarendija.com\/es\/wp-json\/wp\/v2\/media?parent=9407"}],"curies":[{"name":"wp","href":"https:\/\/api.w.org\/{rel}","templated":true}]}}