{"id":8580,"date":"2023-09-19T17:14:43","date_gmt":"2023-09-19T22:14:43","guid":{"rendered":"http:\/\/teatrodelarendija.com\/?page_id=8580"},"modified":"2023-09-19T17:17:34","modified_gmt":"2023-09-19T22:17:34","slug":"angel-gonzalez","status":"publish","type":"page","link":"https:\/\/teatrodelarendija.com\/es\/nosotrxs\/colaboradores\/angel-gonzalez\/","title":{"rendered":"\u00c1ngel Gonz\u00e1lez"},"content":{"rendered":"\t\t<div data-elementor-type=\"wp-page\" data-elementor-id=\"8580\" class=\"elementor elementor-8580\" data-elementor-settings=\"{&quot;ha_cmc_init_switcher&quot;:&quot;no&quot;}\">\n\t\t\t\t\t\t<section class=\"elementor-section elementor-top-section elementor-element elementor-element-764156c elementor-section-full_width elementor-section-height-default elementor-section-height-default wpr-particle-no wpr-jarallax-no wpr-parallax-no wpr-sticky-section-no wpr-column-slider-no wpr-equal-height-no elementor-invisible\" data-id=\"764156c\" data-element_type=\"section\" data-e-type=\"section\" data-settings=\"{&quot;background_background&quot;:&quot;classic&quot;,&quot;animation&quot;:&quot;fadeInLeft&quot;,&quot;_ha_eqh_enable&quot;:false}\">\n\t\t\t\t\t\t<div class=\"elementor-container elementor-column-gap-default\">\n\t\t\t\t\t<div class=\"elementor-column elementor-col-100 elementor-top-column elementor-element elementor-element-de1228b\" data-id=\"de1228b\" data-element_type=\"column\" data-e-type=\"column\">\n\t\t\t<div class=\"elementor-widget-wrap elementor-element-populated\">\n\t\t\t\t\t\t<div class=\"elementor-element elementor-element-8432ed2 elementor-widget elementor-widget-text-editor\" data-id=\"8432ed2\" data-element_type=\"widget\" data-e-type=\"widget\" data-widget_type=\"text-editor.default\">\n\t\t\t\t<div class=\"elementor-widget-container\">\n\t\t\t\t\t\t\t\t\t<a href=\"https:\/\/teatrodelarendija.com\/es\/nosotrxs\/colaboradores\/\">COLABORADORES\u00a0<\/a>&gt; SEMBLANZA\t\t\t\t\t\t\t\t<\/div>\n\t\t\t\t<\/div>\n\t\t\t\t\t<\/div>\n\t\t<\/div>\n\t\t\t\t\t<\/div>\n\t\t<\/section>\n\t\t\t\t<section class=\"elementor-section elementor-top-section elementor-element elementor-element-1a4ff3d elementor-section-boxed elementor-section-height-default elementor-section-height-default wpr-particle-no wpr-jarallax-no wpr-parallax-no wpr-sticky-section-no wpr-column-slider-no wpr-equal-height-no elementor-invisible\" data-id=\"1a4ff3d\" data-element_type=\"section\" data-e-type=\"section\" data-settings=\"{&quot;background_background&quot;:&quot;classic&quot;,&quot;animation&quot;:&quot;fadeIn&quot;,&quot;_ha_eqh_enable&quot;:false}\">\n\t\t\t\t\t\t<div class=\"elementor-container elementor-column-gap-default\">\n\t\t\t\t\t<div class=\"elementor-column elementor-col-50 elementor-top-column elementor-element elementor-element-29f839b\" data-id=\"29f839b\" data-element_type=\"column\" data-e-type=\"column\">\n\t\t\t<div class=\"elementor-widget-wrap elementor-element-populated\">\n\t\t\t\t\t\t<div class=\"elementor-element elementor-element-c470681 elementor-widget elementor-widget-image\" data-id=\"c470681\" data-element_type=\"widget\" data-e-type=\"widget\" data-widget_type=\"image.default\">\n\t\t\t\t<div class=\"elementor-widget-container\">\n\t\t\t\t\t\t\t\t\t\t\t\t\t\t\t<img fetchpriority=\"high\" decoding=\"async\" width=\"600\" height=\"600\" src=\"https:\/\/teatrodelarendija.com\/wp-content\/uploads\/2023\/09\/AngelGonzalezGomi-1.jpg\" class=\"attachment-large size-large wp-image-8582\" alt=\"\" srcset=\"https:\/\/teatrodelarendija.com\/wp-content\/uploads\/2023\/09\/AngelGonzalezGomi-1.jpg 600w, https:\/\/teatrodelarendija.com\/wp-content\/uploads\/2023\/09\/AngelGonzalezGomi-1-300x300.jpg 300w, https:\/\/teatrodelarendija.com\/wp-content\/uploads\/2023\/09\/AngelGonzalezGomi-1-150x150.jpg 150w, https:\/\/teatrodelarendija.com\/wp-content\/uploads\/2023\/09\/AngelGonzalezGomi-1-12x12.jpg 12w\" sizes=\"(max-width: 600px) 100vw, 600px\" \/>\t\t\t\t\t\t\t\t\t\t\t\t\t\t\t<\/div>\n\t\t\t\t<\/div>\n\t\t\t\t\t<\/div>\n\t\t<\/div>\n\t\t\t\t<div class=\"elementor-column elementor-col-50 elementor-top-column elementor-element elementor-element-8eaed49\" data-id=\"8eaed49\" data-element_type=\"column\" data-e-type=\"column\">\n\t\t\t<div class=\"elementor-widget-wrap elementor-element-populated\">\n\t\t\t\t\t\t<div class=\"elementor-element elementor-element-817e6ae elementor-widget elementor-widget-text-editor\" data-id=\"817e6ae\" data-element_type=\"widget\" data-e-type=\"widget\" data-widget_type=\"text-editor.default\">\n\t\t\t\t<div class=\"elementor-widget-container\">\n\t\t\t\t\t\t\t\t\t<p><span style=\"font-weight: 300;\"><span style=\"font-weight: 400;\">\u00c1ngel Gonz\u00e1lez\u201dGomi\u201d<\/span><\/span><\/p>\t\t\t\t\t\t\t\t<\/div>\n\t\t\t\t<\/div>\n\t\t\t\t<div class=\"elementor-element elementor-element-fd34509 elementor-widget elementor-widget-text-editor\" data-id=\"fd34509\" data-element_type=\"widget\" data-e-type=\"widget\" data-widget_type=\"text-editor.default\">\n\t\t\t\t<div class=\"elementor-widget-container\">\n\t\t\t\t\t\t\t\t\t<p>La maldici\u00f3n del anillo<\/p>\t\t\t\t\t\t\t\t<\/div>\n\t\t\t\t<\/div>\n\t\t\t\t<div class=\"elementor-element elementor-element-ba8a1ca elementor-widget elementor-widget-text-editor\" data-id=\"ba8a1ca\" data-element_type=\"widget\" data-e-type=\"widget\" data-widget_type=\"text-editor.default\">\n\t\t\t\t<div class=\"elementor-widget-container\">\n\t\t\t\t\t\t\t\t\t<p><span style=\"font-weight: 300;\">Apoyo t\u00e9cnico \/\u00a0 Tramoya\u00a0 \/ Actor<\/span><\/p>\t\t\t\t\t\t\t\t<\/div>\n\t\t\t\t<\/div>\n\t\t\t\t<div class=\"elementor-element elementor-element-015c26d elementor-widget elementor-widget-text-editor\" data-id=\"015c26d\" data-element_type=\"widget\" data-e-type=\"widget\" data-widget_type=\"text-editor.default\">\n\t\t\t\t<div class=\"elementor-widget-container\">\n\t\t\t\t\t\t\t\t\t<p><span style=\"font-weight: 400;\">Artista esc\u00e9nico multidisciplinario interesado en Teatro para ni\u00f1as, ni\u00f1es y ni\u00f1os, y Pedagog\u00eda Teatral para las infancias y juventudes. Es bailar\u00edn de Ritmos Latinos, Danza Mexicana, core\u00f3grafo y actor. Gan\u00f3 medalla de oro modalidad grupos en el CEID por el CIAD en 2019, imparte clases de actuaci\u00f3n desde 2020 y desde 2015 se ha dedicado a la coreograf\u00eda para espect\u00e1culos. Colabor\u00f3 como t\u00e9cnico y tramoyista en <\/span><i><span style=\"font-weight: 400;\">La Maldici\u00f3n del Anillo. <\/span><\/i><span style=\"font-weight: 400;\">Actualmente est\u00e1 consolidando su Licenciatura en Teatro por la Universidad de las Artes de Yucat\u00e1n.<\/span><\/p>\t\t\t\t\t\t\t\t<\/div>\n\t\t\t\t<\/div>\n\t\t\t\t\t<\/div>\n\t\t<\/div>\n\t\t\t\t\t<\/div>\n\t\t<\/section>\n\t\t\t\t<\/div>\n\t\t","protected":false},"excerpt":{"rendered":"<p>COLABORADORES\u00a0&gt; SEMBLANZA \u00c1ngel Gonz\u00e1lez\u201dGomi\u201d La maldici\u00f3n del anillo Apoyo t\u00e9cnico \/\u00a0 Tramoya\u00a0 \/ Actor Artista esc\u00e9nico multidisciplinario interesado en Teatro para ni\u00f1as, ni\u00f1es y ni\u00f1os, y Pedagog\u00eda Teatral para las infancias y juventudes. Es bailar\u00edn de Ritmos Latinos, Danza Mexicana, core\u00f3grafo y actor. Gan\u00f3 medalla de oro modalidad grupos en el CEID por el CIAD en 2019, imparte clases de actuaci\u00f3n desde 2020 y desde 2015 se ha dedicado a la coreograf\u00eda para espect\u00e1culos. Colabor\u00f3 como t\u00e9cnico y tramoyista en La Maldici\u00f3n del Anillo. Actualmente est\u00e1 consolidando su Licenciatura en Teatro por la Universidad de las Artes de Yucat\u00e1n.<\/p>\n","protected":false},"author":1,"featured_media":0,"parent":7581,"menu_order":18,"comment_status":"closed","ping_status":"closed","template":"elementor_header_footer","meta":{"ngg_post_thumbnail":0,"_EventAllDay":false,"_EventTimezone":"","_EventStartDate":"","_EventEndDate":"","_EventStartDateUTC":"","_EventEndDateUTC":"","_EventShowMap":false,"_EventShowMapLink":false,"_EventURL":"","_EventCost":"","_EventCostDescription":"","_EventCurrencySymbol":"","_EventCurrencyCode":"","_EventCurrencyPosition":"","_EventDateTimeSeparator":"","_EventTimeRangeSeparator":"","_EventOrganizerID":[],"_EventVenueID":[],"_OrganizerEmail":"","_OrganizerPhone":"","_OrganizerWebsite":"","_VenueAddress":"","_VenueCity":"","_VenueCountry":"","_VenueProvince":"","_VenueState":"","_VenueZip":"","_VenuePhone":"","_VenueURL":"","_VenueStateProvince":"","_VenueLat":"","_VenueLng":"","_VenueShowMap":false,"_VenueShowMapLink":false,"footnotes":""},"class_list":["post-8580","page","type-page","status-publish","hentry"],"_links":{"self":[{"href":"https:\/\/teatrodelarendija.com\/es\/wp-json\/wp\/v2\/pages\/8580","targetHints":{"allow":["GET"]}}],"collection":[{"href":"https:\/\/teatrodelarendija.com\/es\/wp-json\/wp\/v2\/pages"}],"about":[{"href":"https:\/\/teatrodelarendija.com\/es\/wp-json\/wp\/v2\/types\/page"}],"author":[{"embeddable":true,"href":"https:\/\/teatrodelarendija.com\/es\/wp-json\/wp\/v2\/users\/1"}],"replies":[{"embeddable":true,"href":"https:\/\/teatrodelarendija.com\/es\/wp-json\/wp\/v2\/comments?post=8580"}],"version-history":[{"count":4,"href":"https:\/\/teatrodelarendija.com\/es\/wp-json\/wp\/v2\/pages\/8580\/revisions"}],"predecessor-version":[{"id":8585,"href":"https:\/\/teatrodelarendija.com\/es\/wp-json\/wp\/v2\/pages\/8580\/revisions\/8585"}],"up":[{"embeddable":true,"href":"https:\/\/teatrodelarendija.com\/es\/wp-json\/wp\/v2\/pages\/7581"}],"wp:attachment":[{"href":"https:\/\/teatrodelarendija.com\/es\/wp-json\/wp\/v2\/media?parent=8580"}],"curies":[{"name":"wp","href":"https:\/\/api.w.org\/{rel}","templated":true}]}}