{"id":9557,"date":"2023-11-30T11:38:41","date_gmt":"2023-11-30T17:38:41","guid":{"rendered":"http:\/\/teatrodelarendija.com\/?page_id=9557"},"modified":"2023-11-30T11:57:49","modified_gmt":"2023-11-30T17:57:49","slug":"oscar-urrutia-lazo-2","status":"publish","type":"page","link":"https:\/\/teatrodelarendija.com\/en\/nosotrxs\/equipo\/oscar-urrutia-lazo-2\/","title":{"rendered":"\u00d3scar Urrutia Lazo"},"content":{"rendered":"<div data-elementor-type=\"wp-page\" data-elementor-id=\"9557\" class=\"elementor elementor-9557\" data-elementor-settings=\"{&quot;ha_cmc_init_switcher&quot;:&quot;no&quot;}\">\n\t\t\t\t\t\t<section class=\"elementor-section elementor-top-section elementor-element elementor-element-764156c elementor-section-full_width elementor-section-height-default elementor-section-height-default wpr-particle-no wpr-jarallax-no wpr-parallax-no wpr-sticky-section-no wpr-column-slider-no wpr-equal-height-no elementor-invisible\" data-id=\"764156c\" data-element_type=\"section\" data-e-type=\"section\" data-settings=\"{&quot;background_background&quot;:&quot;classic&quot;,&quot;animation&quot;:&quot;fadeInLeft&quot;,&quot;_ha_eqh_enable&quot;:false}\">\n\t\t\t\t\t\t<div class=\"elementor-container elementor-column-gap-default\">\n\t\t\t\t\t<div class=\"elementor-column elementor-col-100 elementor-top-column elementor-element elementor-element-de1228b\" data-id=\"de1228b\" data-element_type=\"column\" data-e-type=\"column\">\n\t\t\t<div class=\"elementor-widget-wrap elementor-element-populated\">\n\t\t\t\t\t\t<div class=\"elementor-element elementor-element-8432ed2 elementor-widget elementor-widget-text-editor\" data-id=\"8432ed2\" data-element_type=\"widget\" data-e-type=\"widget\" data-widget_type=\"text-editor.default\">\n\t\t\t\t<div class=\"elementor-widget-container\">\n\t\t\t\t\t\t\t\t\t<p><a href=\"http:\/\/teatrodelarendija.com\/en\/nosotrxs\/equipo\/\">EQUIPO\u00a0<\/a>&gt; SEMBLANZA<\/p>\t\t\t\t\t\t\t\t<\/div>\n\t\t\t\t<\/div>\n\t\t\t\t\t<\/div>\n\t\t<\/div>\n\t\t\t\t\t<\/div>\n\t\t<\/section>\n\t\t\t\t<section class=\"elementor-section elementor-top-section elementor-element elementor-element-1a4ff3d elementor-section-boxed elementor-section-height-default elementor-section-height-default wpr-particle-no wpr-jarallax-no wpr-parallax-no wpr-sticky-section-no wpr-column-slider-no wpr-equal-height-no elementor-invisible\" data-id=\"1a4ff3d\" data-element_type=\"section\" data-e-type=\"section\" data-settings=\"{&quot;background_background&quot;:&quot;classic&quot;,&quot;animation&quot;:&quot;fadeIn&quot;,&quot;_ha_eqh_enable&quot;:false}\">\n\t\t\t\t\t\t<div class=\"elementor-container elementor-column-gap-default\">\n\t\t\t\t\t<div class=\"elementor-column elementor-col-50 elementor-top-column elementor-element elementor-element-29f839b\" data-id=\"29f839b\" data-element_type=\"column\" data-e-type=\"column\">\n\t\t\t<div class=\"elementor-widget-wrap elementor-element-populated\">\n\t\t\t\t\t\t<div class=\"elementor-element elementor-element-c470681 elementor-widget__width-initial elementor-widget elementor-widget-image\" data-id=\"c470681\" data-element_type=\"widget\" data-e-type=\"widget\" data-widget_type=\"image.default\">\n\t\t\t\t<div class=\"elementor-widget-container\">\n\t\t\t\t\t\t\t\t\t\t\t\t\t\t\t<img fetchpriority=\"high\" decoding=\"async\" width=\"473\" height=\"472\" src=\"https:\/\/teatrodelarendija.com\/wp-content\/uploads\/2023\/11\/FOTO-OSCAR.png\" class=\"attachment-large size-large wp-image-9565\" alt=\"\" srcset=\"https:\/\/teatrodelarendija.com\/wp-content\/uploads\/2023\/11\/FOTO-OSCAR.png 473w, https:\/\/teatrodelarendija.com\/wp-content\/uploads\/2023\/11\/FOTO-OSCAR-300x300.png 300w, https:\/\/teatrodelarendija.com\/wp-content\/uploads\/2023\/11\/FOTO-OSCAR-150x150.png 150w, https:\/\/teatrodelarendija.com\/wp-content\/uploads\/2023\/11\/FOTO-OSCAR-12x12.png 12w\" sizes=\"(max-width: 473px) 100vw, 473px\" \/>\t\t\t\t\t\t\t\t\t\t\t\t\t\t\t<\/div>\n\t\t\t\t<\/div>\n\t\t\t\t\t<\/div>\n\t\t<\/div>\n\t\t\t\t<div class=\"elementor-column elementor-col-50 elementor-top-column elementor-element elementor-element-8eaed49\" data-id=\"8eaed49\" data-element_type=\"column\" data-e-type=\"column\">\n\t\t\t<div class=\"elementor-widget-wrap elementor-element-populated\">\n\t\t\t\t\t\t<div class=\"elementor-element elementor-element-817e6ae elementor-widget elementor-widget-text-editor\" data-id=\"817e6ae\" data-element_type=\"widget\" data-e-type=\"widget\" data-widget_type=\"text-editor.default\">\n\t\t\t\t<div class=\"elementor-widget-container\">\n\t\t\t\t\t\t\t\t\t<p>\u00d3scar Urrutia Lazo<\/p>\t\t\t\t\t\t\t\t<\/div>\n\t\t\t\t<\/div>\n\t\t\t\t<div class=\"elementor-element elementor-element-fd34509 elementor-widget elementor-widget-text-editor\" data-id=\"fd34509\" data-element_type=\"widget\" data-e-type=\"widget\" data-widget_type=\"text-editor.default\">\n\t\t\t\t<div class=\"elementor-widget-container\">\n\t\t\t\t\t\t\t\t\t<p>Productor<\/p>\t\t\t\t\t\t\t\t<\/div>\n\t\t\t\t<\/div>\n\t\t\t\t<div class=\"elementor-element elementor-element-015c26d elementor-widget__width-initial elementor-widget elementor-widget-text-editor\" data-id=\"015c26d\" data-element_type=\"widget\" data-e-type=\"widget\" data-widget_type=\"text-editor.default\">\n\t\t\t\t<div class=\"elementor-widget-container\">\n\t\t\t\t\t\t\t\t\t<p>Director, guionista y cinefot\u00f3grafo, egresado del Centro Universitario de Educaci\u00f3n Cinematogr\u00e1fica de la Universidad Nacional Aut\u00f3noma de M\u00e9xico (CUEC-UNAM). Su obra creativa abarca escultura, arquitectura, escenograf\u00eda, fotograf\u00eda y por supuesto, cine.<\/p><p>\u00abLa creaci\u00f3n art\u00edstica en general me intriga por s\u00ed misma. El misterio que envuelve al acto creativo es suficientemente poderoso para dejarme sumergir en \u00e9l. A lo largo de mi trayectoria he optado por buscar, anteponiendo la propia b\u00fasqueda \u2013con sus procesos de experimentaci\u00f3n y aprendizaje\u2013 por encima del producto obtenido.<\/p><p>El proceso creativo, pleno en cuestionamientos e incertidumbres, me es m\u00e1s cercano y enriquecedor que la obra terminada. Donde termina el proceso creativo termina tambi\u00e9n el misterio sobre lo creado.<\/p><p>En general, no establezco diferencias entre los campos disciplinares en los que me desenvuelvo, unos se conectan con otros y alimentan tanto el proceso como el resultado. Sin embargo, s\u00ed existe un leitmotiv que distingo claramente en lo que busco: la relaci\u00f3n impl\u00edcita que existe entre el tiempo y el espacio.\u00bb<\/p><p>\u00a0<\/p>\t\t\t\t\t\t\t\t<\/div>\n\t\t\t\t<\/div>\n\t\t\t\t\t<\/div>\n\t\t<\/div>\n\t\t\t\t\t<\/div>\n\t\t<\/section>\n\t\t\t\t<\/div>","protected":false},"excerpt":{"rendered":"<p>EQUIPO\u00a0&gt; SEMBLANZA \u00d3scar Urrutia Lazo Productor Director, guionista y cinefot\u00f3grafo, egresado del Centro Universitario de Educaci\u00f3n Cinematogr\u00e1fica de la Universidad Nacional Aut\u00f3noma de M\u00e9xico (CUEC-UNAM). Su obra creativa abarca escultura, arquitectura, escenograf\u00eda, fotograf\u00eda y por supuesto, cine. \u00abLa creaci\u00f3n art\u00edstica en general me intriga por s\u00ed misma. El misterio que envuelve al acto creativo es suficientemente poderoso para dejarme sumergir en \u00e9l. A lo largo de mi trayectoria he optado por buscar, anteponiendo la propia b\u00fasqueda \u2013con sus procesos de experimentaci\u00f3n y aprendizaje\u2013 por encima del producto obtenido. El proceso creativo, pleno en cuestionamientos e incertidumbres, me es m\u00e1s cercano y enriquecedor que la obra terminada. Donde termina el proceso creativo termina tambi\u00e9n el misterio sobre lo creado. En general, no establezco diferencias entre los campos disciplinares en los que me desenvuelvo, unos se conectan con otros y alimentan tanto el proceso como el resultado. Sin embargo, s\u00ed existe un leitmotiv que distingo claramente en lo que busco: la relaci\u00f3n impl\u00edcita que existe entre el tiempo y el espacio.\u00bb \u00a0<\/p>","protected":false},"author":1,"featured_media":0,"parent":7502,"menu_order":1,"comment_status":"closed","ping_status":"closed","template":"elementor_header_footer","meta":{"ngg_post_thumbnail":0,"_EventAllDay":false,"_EventTimezone":"","_EventStartDate":"","_EventEndDate":"","_EventStartDateUTC":"","_EventEndDateUTC":"","_EventShowMap":false,"_EventShowMapLink":false,"_EventURL":"","_EventCost":"","_EventCostDescription":"","_EventCurrencySymbol":"","_EventCurrencyCode":"","_EventCurrencyPosition":"","_EventDateTimeSeparator":"","_EventTimeRangeSeparator":"","_EventOrganizerID":[],"_EventVenueID":[],"_OrganizerEmail":"","_OrganizerPhone":"","_OrganizerWebsite":"","_VenueAddress":"","_VenueCity":"","_VenueCountry":"","_VenueProvince":"","_VenueState":"","_VenueZip":"","_VenuePhone":"","_VenueURL":"","_VenueStateProvince":"","_VenueLat":"","_VenueLng":"","_VenueShowMap":false,"_VenueShowMapLink":false,"footnotes":""},"class_list":["post-9557","page","type-page","status-publish","hentry"],"_links":{"self":[{"href":"https:\/\/teatrodelarendija.com\/en\/wp-json\/wp\/v2\/pages\/9557","targetHints":{"allow":["GET"]}}],"collection":[{"href":"https:\/\/teatrodelarendija.com\/en\/wp-json\/wp\/v2\/pages"}],"about":[{"href":"https:\/\/teatrodelarendija.com\/en\/wp-json\/wp\/v2\/types\/page"}],"author":[{"embeddable":true,"href":"https:\/\/teatrodelarendija.com\/en\/wp-json\/wp\/v2\/users\/1"}],"replies":[{"embeddable":true,"href":"https:\/\/teatrodelarendija.com\/en\/wp-json\/wp\/v2\/comments?post=9557"}],"version-history":[{"count":7,"href":"https:\/\/teatrodelarendija.com\/en\/wp-json\/wp\/v2\/pages\/9557\/revisions"}],"predecessor-version":[{"id":9570,"href":"https:\/\/teatrodelarendija.com\/en\/wp-json\/wp\/v2\/pages\/9557\/revisions\/9570"}],"up":[{"embeddable":true,"href":"https:\/\/teatrodelarendija.com\/en\/wp-json\/wp\/v2\/pages\/7502"}],"wp:attachment":[{"href":"https:\/\/teatrodelarendija.com\/en\/wp-json\/wp\/v2\/media?parent=9557"}],"curies":[{"name":"wp","href":"https:\/\/api.w.org\/{rel}","templated":true}]}}