{"id":9526,"date":"2023-09-29T14:21:10","date_gmt":"2023-09-29T19:21:10","guid":{"rendered":"http:\/\/teatrodelarendija.com\/?page_id=9526"},"modified":"2023-09-29T14:24:35","modified_gmt":"2023-09-29T19:24:35","slug":"carmen-ordonez","status":"publish","type":"page","link":"https:\/\/teatrodelarendija.com\/en\/nosotrxs\/colaboradores\/carmen-ordonez\/","title":{"rendered":"Carmen Ord\u00f3nez"},"content":{"rendered":"<div data-elementor-type=\"wp-page\" data-elementor-id=\"9526\" class=\"elementor elementor-9526\" data-elementor-settings=\"{&quot;ha_cmc_init_switcher&quot;:&quot;no&quot;}\">\n\t\t\t\t\t\t<section class=\"elementor-section elementor-top-section elementor-element elementor-element-764156c elementor-section-full_width elementor-section-height-default elementor-section-height-default wpr-particle-no wpr-jarallax-no wpr-parallax-no wpr-sticky-section-no wpr-column-slider-no wpr-equal-height-no elementor-invisible\" data-id=\"764156c\" data-element_type=\"section\" data-e-type=\"section\" data-settings=\"{&quot;background_background&quot;:&quot;classic&quot;,&quot;animation&quot;:&quot;fadeInLeft&quot;,&quot;_ha_eqh_enable&quot;:false}\">\n\t\t\t\t\t\t<div class=\"elementor-container elementor-column-gap-default\">\n\t\t\t\t\t<div class=\"elementor-column elementor-col-100 elementor-top-column elementor-element elementor-element-de1228b\" data-id=\"de1228b\" data-element_type=\"column\" data-e-type=\"column\">\n\t\t\t<div class=\"elementor-widget-wrap elementor-element-populated\">\n\t\t\t\t\t\t<div class=\"elementor-element elementor-element-8432ed2 elementor-widget elementor-widget-text-editor\" data-id=\"8432ed2\" data-element_type=\"widget\" data-e-type=\"widget\" data-widget_type=\"text-editor.default\">\n\t\t\t\t<div class=\"elementor-widget-container\">\n\t\t\t\t\t\t\t\t\t<a href=\"http:\/\/teatrodelarendija.com\/en\/nosotrxs\/colaboradores\/\">COLABORADORES\u00a0<\/a>&gt; SEMBLANZA\t\t\t\t\t\t\t\t<\/div>\n\t\t\t\t<\/div>\n\t\t\t\t\t<\/div>\n\t\t<\/div>\n\t\t\t\t\t<\/div>\n\t\t<\/section>\n\t\t\t\t<section class=\"elementor-section elementor-top-section elementor-element elementor-element-1a4ff3d elementor-section-boxed elementor-section-height-default elementor-section-height-default wpr-particle-no wpr-jarallax-no wpr-parallax-no wpr-sticky-section-no wpr-column-slider-no wpr-equal-height-no elementor-invisible\" data-id=\"1a4ff3d\" data-element_type=\"section\" data-e-type=\"section\" data-settings=\"{&quot;background_background&quot;:&quot;classic&quot;,&quot;animation&quot;:&quot;fadeIn&quot;,&quot;_ha_eqh_enable&quot;:false}\">\n\t\t\t\t\t\t<div class=\"elementor-container elementor-column-gap-default\">\n\t\t\t\t\t<div class=\"elementor-column elementor-col-50 elementor-top-column elementor-element elementor-element-29f839b\" data-id=\"29f839b\" data-element_type=\"column\" data-e-type=\"column\">\n\t\t\t<div class=\"elementor-widget-wrap elementor-element-populated\">\n\t\t\t\t\t\t<div class=\"elementor-element elementor-element-c470681 elementor-widget elementor-widget-image\" data-id=\"c470681\" data-element_type=\"widget\" data-e-type=\"widget\" data-widget_type=\"image.default\">\n\t\t\t\t<div class=\"elementor-widget-container\">\n\t\t\t\t\t\t\t\t\t\t\t\t\t\t\t<img fetchpriority=\"high\" decoding=\"async\" width=\"600\" height=\"600\" src=\"https:\/\/teatrodelarendija.com\/wp-content\/uploads\/2023\/09\/ITZEL-RIQUE2.jpg\" class=\"attachment-large size-large wp-image-8248\" alt=\"\" srcset=\"https:\/\/teatrodelarendija.com\/wp-content\/uploads\/2023\/09\/ITZEL-RIQUE2.jpg 600w, https:\/\/teatrodelarendija.com\/wp-content\/uploads\/2023\/09\/ITZEL-RIQUE2-300x300.jpg 300w, https:\/\/teatrodelarendija.com\/wp-content\/uploads\/2023\/09\/ITZEL-RIQUE2-150x150.jpg 150w, https:\/\/teatrodelarendija.com\/wp-content\/uploads\/2023\/09\/ITZEL-RIQUE2-12x12.jpg 12w\" sizes=\"(max-width: 600px) 100vw, 600px\" \/>\t\t\t\t\t\t\t\t\t\t\t\t\t\t\t<\/div>\n\t\t\t\t<\/div>\n\t\t\t\t\t<\/div>\n\t\t<\/div>\n\t\t\t\t<div class=\"elementor-column elementor-col-50 elementor-top-column elementor-element elementor-element-8eaed49\" data-id=\"8eaed49\" data-element_type=\"column\" data-e-type=\"column\">\n\t\t\t<div class=\"elementor-widget-wrap elementor-element-populated\">\n\t\t\t\t\t\t<div class=\"elementor-element elementor-element-817e6ae elementor-widget elementor-widget-text-editor\" data-id=\"817e6ae\" data-element_type=\"widget\" data-e-type=\"widget\" data-widget_type=\"text-editor.default\">\n\t\t\t\t<div class=\"elementor-widget-container\">\n\t\t\t\t\t\t\t\t\t<p><span style=\"font-weight: 300;\">CARMEN ORD\u00d3\u00d1EZ<\/span><\/p>\t\t\t\t\t\t\t\t<\/div>\n\t\t\t\t<\/div>\n\t\t\t\t<div class=\"elementor-element elementor-element-fd34509 elementor-widget elementor-widget-text-editor\" data-id=\"fd34509\" data-element_type=\"widget\" data-e-type=\"widget\" data-widget_type=\"text-editor.default\">\n\t\t\t\t<div class=\"elementor-widget-container\">\n\t\t\t\t\t\t\t\t\t<p>La maldici\u00f3n del anillo<\/p>\t\t\t\t\t\t\t\t<\/div>\n\t\t\t\t<\/div>\n\t\t\t\t<div class=\"elementor-element elementor-element-ba8a1ca elementor-widget elementor-widget-text-editor\" data-id=\"ba8a1ca\" data-element_type=\"widget\" data-e-type=\"widget\" data-widget_type=\"text-editor.default\">\n\t\t\t\t<div class=\"elementor-widget-container\">\n\t\t\t\t\t\t\t\t\t<p><span style=\"font-weight: 300;\">Actriz \/ Cantante<\/span><\/p>\t\t\t\t\t\t\t\t<\/div>\n\t\t\t\t<\/div>\n\t\t\t\t<div class=\"elementor-element elementor-element-015c26d elementor-widget elementor-widget-text-editor\" data-id=\"015c26d\" data-element_type=\"widget\" data-e-type=\"widget\" data-widget_type=\"text-editor.default\">\n\t\t\t\t<div class=\"elementor-widget-container\">\n\t\t\t\t\t\t\t\t\t<p>Lic. en Teatro por la Escuela Superior de Artes de Yucat\u00e1n. Colabor\u00f3 como actriz en diversos montajes y festivales en Villahermosa, Tabasco. Acreedora FORCAZS para coproducci\u00f3n entre la Compa\u00f1\u00eda Nacional de Teatro y Teatro de La Rendija (2018); y del PECDA Tabasco 2020. Ha tomado m\u00faltiples talleres de actuaci\u00f3n, gesti\u00f3n y dramaturgia con artistas como Boris Shoemann, Dami\u00e1n Alc\u00e1zar, Jorge Dubatti, Nayeli Real, Liliana Santiba\u00f1ez, entre otras y otros. Actriz y creadora esc\u00e9nica de las compa\u00f1\u00edas Teatro de la Rendija, Ep\u00edgrafe, Marfil Teatro, Cultura vibrante, Mitos Teatro. Ha participado en diversos festivales y giras nacionales e internacionales como El circuito Nacional de Artes Esc\u00e9nicas en Espacios Independientes y el Festival de Teatro Cl\u00e1sico de Almagro, Espa\u00f1a. Se ha desarrollado en la docencia, gesti\u00f3n y producci\u00f3n. Particip\u00f3 en la 41 Muestra Nacional de Teatro con la Experiencia y cl\u00ednica \u201cDel campo a la pantalla: Los puentes virtuales hacia Quint\u00edn Arauz para la creaci\u00f3n colectiva de la obra Cultura vibrante\u201d.<\/p>\t\t\t\t\t\t\t\t<\/div>\n\t\t\t\t<\/div>\n\t\t\t\t\t<\/div>\n\t\t<\/div>\n\t\t\t\t\t<\/div>\n\t\t<\/section>\n\t\t\t\t<\/div>","protected":false},"excerpt":{"rendered":"<p>COLABORADORES\u00a0&gt; SEMBLANZA CARMEN ORD\u00d3\u00d1EZ La maldici\u00f3n del anillo Actriz \/ Cantante Lic. en Teatro por la Escuela Superior de Artes de Yucat\u00e1n. Colabor\u00f3 como actriz en diversos montajes y festivales en Villahermosa, Tabasco. Acreedora FORCAZS para coproducci\u00f3n entre la Compa\u00f1\u00eda Nacional de Teatro y Teatro de La Rendija (2018); y del PECDA Tabasco 2020. Ha tomado m\u00faltiples talleres de actuaci\u00f3n, gesti\u00f3n y dramaturgia con artistas como Boris Shoemann, Dami\u00e1n Alc\u00e1zar, Jorge Dubatti, Nayeli Real, Liliana Santiba\u00f1ez, entre otras y otros. Actriz y creadora esc\u00e9nica de las compa\u00f1\u00edas Teatro de la Rendija, Ep\u00edgrafe, Marfil Teatro, Cultura vibrante, Mitos Teatro. Ha participado en diversos festivales y giras nacionales e internacionales como El circuito Nacional de Artes Esc\u00e9nicas en Espacios Independientes y el Festival de Teatro Cl\u00e1sico de Almagro, Espa\u00f1a. Se ha desarrollado en la docencia, gesti\u00f3n y producci\u00f3n. Particip\u00f3 en la 41 Muestra Nacional de Teatro con la Experiencia y cl\u00ednica \u201cDel campo a la pantalla: Los puentes virtuales hacia Quint\u00edn Arauz para la creaci\u00f3n colectiva de la obra Cultura vibrante\u201d.<\/p>","protected":false},"author":1,"featured_media":0,"parent":7581,"menu_order":1,"comment_status":"closed","ping_status":"closed","template":"elementor_header_footer","meta":{"ngg_post_thumbnail":0,"_EventAllDay":false,"_EventTimezone":"","_EventStartDate":"","_EventEndDate":"","_EventStartDateUTC":"","_EventEndDateUTC":"","_EventShowMap":false,"_EventShowMapLink":false,"_EventURL":"","_EventCost":"","_EventCostDescription":"","_EventCurrencySymbol":"","_EventCurrencyCode":"","_EventCurrencyPosition":"","_EventDateTimeSeparator":"","_EventTimeRangeSeparator":"","_EventOrganizerID":[],"_EventVenueID":[],"_OrganizerEmail":"","_OrganizerPhone":"","_OrganizerWebsite":"","_VenueAddress":"","_VenueCity":"","_VenueCountry":"","_VenueProvince":"","_VenueState":"","_VenueZip":"","_VenuePhone":"","_VenueURL":"","_VenueStateProvince":"","_VenueLat":"","_VenueLng":"","_VenueShowMap":false,"_VenueShowMapLink":false,"footnotes":""},"class_list":["post-9526","page","type-page","status-publish","hentry"],"_links":{"self":[{"href":"https:\/\/teatrodelarendija.com\/en\/wp-json\/wp\/v2\/pages\/9526","targetHints":{"allow":["GET"]}}],"collection":[{"href":"https:\/\/teatrodelarendija.com\/en\/wp-json\/wp\/v2\/pages"}],"about":[{"href":"https:\/\/teatrodelarendija.com\/en\/wp-json\/wp\/v2\/types\/page"}],"author":[{"embeddable":true,"href":"https:\/\/teatrodelarendija.com\/en\/wp-json\/wp\/v2\/users\/1"}],"replies":[{"embeddable":true,"href":"https:\/\/teatrodelarendija.com\/en\/wp-json\/wp\/v2\/comments?post=9526"}],"version-history":[{"count":4,"href":"https:\/\/teatrodelarendija.com\/en\/wp-json\/wp\/v2\/pages\/9526\/revisions"}],"predecessor-version":[{"id":9530,"href":"https:\/\/teatrodelarendija.com\/en\/wp-json\/wp\/v2\/pages\/9526\/revisions\/9530"}],"up":[{"embeddable":true,"href":"https:\/\/teatrodelarendija.com\/en\/wp-json\/wp\/v2\/pages\/7581"}],"wp:attachment":[{"href":"https:\/\/teatrodelarendija.com\/en\/wp-json\/wp\/v2\/media?parent=9526"}],"curies":[{"name":"wp","href":"https:\/\/api.w.org\/{rel}","templated":true}]}}