{"id":8232,"date":"2023-09-14T17:58:40","date_gmt":"2023-09-14T22:58:40","guid":{"rendered":"http:\/\/teatrodelarendija.com\/?page_id=8232"},"modified":"2023-09-14T17:59:37","modified_gmt":"2023-09-14T22:59:37","slug":"raquel-araujo","status":"publish","type":"page","link":"https:\/\/teatrodelarendija.com\/en\/nosotrxs\/equipo\/raquel-araujo\/","title":{"rendered":"Raquel Araujo"},"content":{"rendered":"<div data-elementor-type=\"wp-page\" data-elementor-id=\"8232\" class=\"elementor elementor-8232\" data-elementor-settings=\"{&quot;ha_cmc_init_switcher&quot;:&quot;no&quot;}\">\n\t\t\t\t\t\t<section class=\"elementor-section elementor-top-section elementor-element elementor-element-764156c elementor-section-full_width elementor-section-height-default elementor-section-height-default wpr-particle-no wpr-jarallax-no wpr-parallax-no wpr-sticky-section-no wpr-column-slider-no wpr-equal-height-no elementor-invisible\" data-id=\"764156c\" data-element_type=\"section\" data-e-type=\"section\" data-settings=\"{&quot;background_background&quot;:&quot;classic&quot;,&quot;animation&quot;:&quot;fadeInLeft&quot;,&quot;_ha_eqh_enable&quot;:false}\">\n\t\t\t\t\t\t<div class=\"elementor-container elementor-column-gap-default\">\n\t\t\t\t\t<div class=\"elementor-column elementor-col-100 elementor-top-column elementor-element elementor-element-de1228b\" data-id=\"de1228b\" data-element_type=\"column\" data-e-type=\"column\">\n\t\t\t<div class=\"elementor-widget-wrap elementor-element-populated\">\n\t\t\t\t\t\t<div class=\"elementor-element elementor-element-8432ed2 elementor-widget elementor-widget-text-editor\" data-id=\"8432ed2\" data-element_type=\"widget\" data-e-type=\"widget\" data-widget_type=\"text-editor.default\">\n\t\t\t\t<div class=\"elementor-widget-container\">\n\t\t\t\t\t\t\t\t\t<p><a href=\"http:\/\/teatrodelarendija.com\/en\/nosotrxs\/equipo\/\">EQUIPO\u00a0<\/a>&gt; SEMBLANZA<\/p>\t\t\t\t\t\t\t\t<\/div>\n\t\t\t\t<\/div>\n\t\t\t\t\t<\/div>\n\t\t<\/div>\n\t\t\t\t\t<\/div>\n\t\t<\/section>\n\t\t\t\t<section class=\"elementor-section elementor-top-section elementor-element elementor-element-1a4ff3d elementor-section-boxed elementor-section-height-default elementor-section-height-default wpr-particle-no wpr-jarallax-no wpr-parallax-no wpr-sticky-section-no wpr-column-slider-no wpr-equal-height-no elementor-invisible\" data-id=\"1a4ff3d\" data-element_type=\"section\" data-e-type=\"section\" data-settings=\"{&quot;background_background&quot;:&quot;classic&quot;,&quot;animation&quot;:&quot;fadeIn&quot;,&quot;_ha_eqh_enable&quot;:false}\">\n\t\t\t\t\t\t<div class=\"elementor-container elementor-column-gap-default\">\n\t\t\t\t\t<div class=\"elementor-column elementor-col-50 elementor-top-column elementor-element elementor-element-29f839b\" data-id=\"29f839b\" data-element_type=\"column\" data-e-type=\"column\">\n\t\t\t<div class=\"elementor-widget-wrap elementor-element-populated\">\n\t\t\t\t\t\t<div class=\"elementor-element elementor-element-c470681 elementor-widget__width-initial elementor-widget elementor-widget-image\" data-id=\"c470681\" data-element_type=\"widget\" data-e-type=\"widget\" data-widget_type=\"image.default\">\n\t\t\t\t<div class=\"elementor-widget-container\">\n\t\t\t\t\t\t\t\t\t\t\t\t\t\t\t<img fetchpriority=\"high\" decoding=\"async\" width=\"638\" height=\"639\" src=\"https:\/\/teatrodelarendija.com\/wp-content\/uploads\/2023\/09\/Raquel-Ato.jpg\" class=\"attachment-large size-large wp-image-8126\" alt=\"\" srcset=\"https:\/\/teatrodelarendija.com\/wp-content\/uploads\/2023\/09\/Raquel-Ato.jpg 638w, https:\/\/teatrodelarendija.com\/wp-content\/uploads\/2023\/09\/Raquel-Ato-300x300.jpg 300w, https:\/\/teatrodelarendija.com\/wp-content\/uploads\/2023\/09\/Raquel-Ato-150x150.jpg 150w, https:\/\/teatrodelarendija.com\/wp-content\/uploads\/2023\/09\/Raquel-Ato-12x12.jpg 12w\" sizes=\"(max-width: 638px) 100vw, 638px\" \/>\t\t\t\t\t\t\t\t\t\t\t\t\t\t\t<\/div>\n\t\t\t\t<\/div>\n\t\t\t\t\t<\/div>\n\t\t<\/div>\n\t\t\t\t<div class=\"elementor-column elementor-col-50 elementor-top-column elementor-element elementor-element-8eaed49\" data-id=\"8eaed49\" data-element_type=\"column\" data-e-type=\"column\">\n\t\t\t<div class=\"elementor-widget-wrap elementor-element-populated\">\n\t\t\t\t\t\t<div class=\"elementor-element elementor-element-817e6ae elementor-widget elementor-widget-text-editor\" data-id=\"817e6ae\" data-element_type=\"widget\" data-e-type=\"widget\" data-widget_type=\"text-editor.default\">\n\t\t\t\t<div class=\"elementor-widget-container\">\n\t\t\t\t\t\t\t\t\t<p>RAQUEL ARAUJO MADERA<\/p>\t\t\t\t\t\t\t\t<\/div>\n\t\t\t\t<\/div>\n\t\t\t\t<div class=\"elementor-element elementor-element-fd34509 elementor-widget elementor-widget-text-editor\" data-id=\"fd34509\" data-element_type=\"widget\" data-e-type=\"widget\" data-widget_type=\"text-editor.default\">\n\t\t\t\t<div class=\"elementor-widget-container\">\n\t\t\t\t\t\t\t\t\t<p><strong>DIRECTORA ART\u00cdSTICA \/ DIRECTORA \/ ACTRIZ<\/strong><\/p>\t\t\t\t\t\t\t\t<\/div>\n\t\t\t\t<\/div>\n\t\t\t\t<div class=\"elementor-element elementor-element-015c26d elementor-widget elementor-widget-text-editor\" data-id=\"015c26d\" data-element_type=\"widget\" data-e-type=\"widget\" data-widget_type=\"text-editor.default\">\n\t\t\t\t<div class=\"elementor-widget-container\">\n\t\t\t\t\t\t\t\t\t<p>Raquel Araujo Madera es directora y gestora de Teatro de la Rendija, en colaboraci\u00f3n con Oscar Urrutia Lazo. Miembro del Sistema Nacional de Creadores de Arte del Fondo Nacional para la Cultura y las Artes; su labor ha sido reconocida con el Premio a la Cultura Ciudadana del Ayuntamiento de M\u00e9rida 2015, el Premio Terry por mejor Puesta en Escena 2016, la Medalla Xavier Villaurrutia 2018, el Premio Villanueva de la Cr\u00edtica Teatral 2019, la Berenjena de Plata del Festival Internacional de Teatro Cl\u00e1sico de Almagro en 2019, entre otros. Lleva a cabo bianualmente el Festival de Teatro de la Rendija, Iberoam\u00e9rica en Escena, que forma parte de la ReDeLae.<\/p><p>Fund\u00f3 el Teatro de La Rendija en 1988 en d\u00f3nde ha sido directora art\u00edstica desde entonces. En 1998 presenta su obra <i>Horizonte de Sucesos <\/i>y en 2001, <i>\u00d3valo<\/i>.1 Entre 1997 y 2001 fue Coordinadora de Informaci\u00f3n y Difusi\u00f3n para el Centro Nacional de Investigaci\u00f3n Teatral Rodolfo Usigli\u00a0 (CITRU). En 2002 funda el Departamento de Artes Esc\u00e9nicas del Instituto de Cultura de Yucat\u00e1n y del Centro de Investigaciones Esc\u00e9nicas de Yucat\u00e1n, igualmente fund\u00f3 el departamento de Artes Esc\u00e9nicas de la Escuela Superior de Artes de Yucat\u00e1n (hoy UNAY), donde tambi\u00e9n es catedr\u00e1tica tanto a nivel licenciatura y como en el posgrado de Direcci\u00f3n Esc\u00e9nica.<\/p>\t\t\t\t\t\t\t\t<\/div>\n\t\t\t\t<\/div>\n\t\t\t\t\t<\/div>\n\t\t<\/div>\n\t\t\t\t\t<\/div>\n\t\t<\/section>\n\t\t\t\t<\/div>","protected":false},"excerpt":{"rendered":"<p>EQUIPO\u00a0&gt; SEMBLANZA RAQUEL ARAUJO MADERA DIRECTORA ART\u00cdSTICA \/ DIRECTORA \/ ACTRIZ Raquel Araujo Madera es directora y gestora de Teatro de la Rendija, en colaboraci\u00f3n con Oscar Urrutia Lazo. Miembro del Sistema Nacional de Creadores de Arte del Fondo Nacional para la Cultura y las Artes; su labor ha sido reconocida con el Premio a la Cultura Ciudadana del Ayuntamiento de M\u00e9rida 2015, el Premio Terry por mejor Puesta en Escena 2016, la Medalla Xavier Villaurrutia 2018, el Premio Villanueva de la Cr\u00edtica Teatral 2019, la Berenjena de Plata del Festival Internacional de Teatro Cl\u00e1sico de Almagro en 2019, entre otros. Lleva a cabo bianualmente el Festival de Teatro de la Rendija, Iberoam\u00e9rica en Escena, que forma parte de la ReDeLae. Fund\u00f3 el Teatro de La Rendija en 1988 en d\u00f3nde ha sido directora art\u00edstica desde entonces. En 1998 presenta su obra Horizonte de Sucesos y en 2001, \u00d3valo.1 Entre 1997 y 2001 fue Coordinadora de Informaci\u00f3n y Difusi\u00f3n para el Centro Nacional de Investigaci\u00f3n Teatral Rodolfo Usigli\u00a0 (CITRU). En 2002 funda el Departamento de Artes Esc\u00e9nicas del Instituto de Cultura de Yucat\u00e1n y del Centro de Investigaciones Esc\u00e9nicas de Yucat\u00e1n, igualmente fund\u00f3 el departamento de Artes Esc\u00e9nicas de la Escuela Superior de Artes de Yucat\u00e1n (hoy UNAY), donde tambi\u00e9n es catedr\u00e1tica tanto a nivel licenciatura y como en el posgrado de Direcci\u00f3n Esc\u00e9nica.<\/p>","protected":false},"author":1,"featured_media":0,"parent":7502,"menu_order":1,"comment_status":"closed","ping_status":"closed","template":"elementor_header_footer","meta":{"ngg_post_thumbnail":0,"_EventAllDay":false,"_EventTimezone":"","_EventStartDate":"","_EventEndDate":"","_EventStartDateUTC":"","_EventEndDateUTC":"","_EventShowMap":false,"_EventShowMapLink":false,"_EventURL":"","_EventCost":"","_EventCostDescription":"","_EventCurrencySymbol":"","_EventCurrencyCode":"","_EventCurrencyPosition":"","_EventDateTimeSeparator":"","_EventTimeRangeSeparator":"","_EventOrganizerID":[],"_EventVenueID":[],"_OrganizerEmail":"","_OrganizerPhone":"","_OrganizerWebsite":"","_VenueAddress":"","_VenueCity":"","_VenueCountry":"","_VenueProvince":"","_VenueState":"","_VenueZip":"","_VenuePhone":"","_VenueURL":"","_VenueStateProvince":"","_VenueLat":"","_VenueLng":"","_VenueShowMap":false,"_VenueShowMapLink":false,"footnotes":""},"class_list":["post-8232","page","type-page","status-publish","hentry"],"_links":{"self":[{"href":"https:\/\/teatrodelarendija.com\/en\/wp-json\/wp\/v2\/pages\/8232","targetHints":{"allow":["GET"]}}],"collection":[{"href":"https:\/\/teatrodelarendija.com\/en\/wp-json\/wp\/v2\/pages"}],"about":[{"href":"https:\/\/teatrodelarendija.com\/en\/wp-json\/wp\/v2\/types\/page"}],"author":[{"embeddable":true,"href":"https:\/\/teatrodelarendija.com\/en\/wp-json\/wp\/v2\/users\/1"}],"replies":[{"embeddable":true,"href":"https:\/\/teatrodelarendija.com\/en\/wp-json\/wp\/v2\/comments?post=8232"}],"version-history":[{"count":2,"href":"https:\/\/teatrodelarendija.com\/en\/wp-json\/wp\/v2\/pages\/8232\/revisions"}],"predecessor-version":[{"id":9347,"href":"https:\/\/teatrodelarendija.com\/en\/wp-json\/wp\/v2\/pages\/8232\/revisions\/9347"}],"up":[{"embeddable":true,"href":"https:\/\/teatrodelarendija.com\/en\/wp-json\/wp\/v2\/pages\/7502"}],"wp:attachment":[{"href":"https:\/\/teatrodelarendija.com\/en\/wp-json\/wp\/v2\/media?parent=8232"}],"curies":[{"name":"wp","href":"https:\/\/api.w.org\/{rel}","templated":true}]}}